{"id":1214,"date":"2025-06-02T16:29:34","date_gmt":"2025-06-02T19:29:34","guid":{"rendered":"https:\/\/redemulheresnano.ufn.edu.br\/?page_id=1214"},"modified":"2025-06-02T17:13:38","modified_gmt":"2025-06-02T20:13:38","slug":"formulario","status":"publish","type":"page","link":"https:\/\/redemulheresnano.ufn.edu.br\/?page_id=1214","title":{"rendered":"Question\u00e1rio"},"content":{"rendered":"\n<p class=\"has-medium-font-size\">A profa. Mariana Z. Tonel e a profa. Solange B. Fagan da Universidade Franciscana, organizaram um Formul\u00e1rio para identificar o Panorama das Mulheres Pesquisadoras e Empreendedoras em Nanoci\u00eancias&nbsp;no&nbsp;Brasil!<\/p>\n\n\n\n<p class=\"has-medium-font-size\">O objetivo \u00e9 compreender o perfil das mulheres que atuam na \u00e1rea de Nanoci\u00eancias e Nanotecnologia (N&amp;N) no Brasil, mapeando suas trajet\u00f3rias acad\u00eamicas e profissionais, identificando os desafios que enfrentam, e promovendo o debate sobre estrat\u00e9gias que favore\u00e7am a inclus\u00e3o e o fortalecimento da presen\u00e7a feminina&nbsp;nesse&nbsp;campo.<\/p>\n\n\n\n<p class=\"has-medium-font-size\">Ao responder a este formul\u00e1rio, voc\u00ea contribuir\u00e1 diretamente para a constru\u00e7\u00e3o de uma rede de apoio e desenvolvimento, al\u00e9m de fornecer dados essenciais para a formula\u00e7\u00e3o de pol\u00edticas p\u00fablicas e a\u00e7\u00f5es que visem ampliar a participa\u00e7\u00e3o de mulheres nas ci\u00eancias, especialmente nas&nbsp;\u00e1reas&nbsp;de&nbsp;N&amp;N.<\/p>\n\n\n\n<p class=\"has-medium-font-size\"><\/p>\n\n\n\n<div class=\"wp-block-buttons is-layout-flex wp-block-buttons-is-layout-flex\">\n<div class=\"wp-block-button is-style-outline is-style-outline--1\"><a class=\"wp-block-button__link has-black-color has-pale-pink-background-color has-text-color has-background has-link-color has-medium-font-size has-custom-font-size wp-element-button\" href=\"https:\/\/forms.gle\/MqezfJoe5m8UJunn8\" style=\"border-radius:77px\" target=\"_blank\" rel=\"noreferrer noopener\">Responder Formul\u00e1rio<\/a><\/div>\n<\/div>\n\n\n\n<p><\/p>\n","protected":false},"excerpt":{"rendered":"<p>A profa. Mariana Z. Tonel e a profa. Solange B. Fagan da Universidade [&hellip;]<\/p>\n","protected":false},"author":181,"featured_media":0,"parent":0,"menu_order":0,"comment_status":"closed","ping_status":"closed","template":"","meta":{"_price":"","_stock":"","_tribe_ticket_header":"","_tribe_default_ticket_provider":"","_tribe_ticket_capacity":"0","_ticket_start_date":"","_ticket_end_date":"","_tribe_ticket_show_description":"","_tribe_ticket_show_not_going":false,"_tribe_ticket_use_global_stock":"","_tribe_ticket_global_stock_level":"","_global_stock_mode":"","_global_stock_cap":"","_tribe_rsvp_for_event":"","_tribe_ticket_going_count":"","_tribe_ticket_not_going_count":"","_tribe_tickets_list":"[]","_tribe_ticket_has_attendee_info_fields":false,"footnotes":"","_tec_slr_enabled":"","_tec_slr_layout":""},"class_list":["post-1214","page","type-page","status-publish","hentry"],"ticketed":false,"_links":{"self":[{"href":"https:\/\/redemulheresnano.ufn.edu.br\/index.php?rest_route=\/wp\/v2\/pages\/1214","targetHints":{"allow":["GET"]}}],"collection":[{"href":"https:\/\/redemulheresnano.ufn.edu.br\/index.php?rest_route=\/wp\/v2\/pages"}],"about":[{"href":"https:\/\/redemulheresnano.ufn.edu.br\/index.php?rest_route=\/wp\/v2\/types\/page"}],"author":[{"embeddable":true,"href":"https:\/\/redemulheresnano.ufn.edu.br\/index.php?rest_route=\/wp\/v2\/users\/181"}],"replies":[{"embeddable":true,"href":"https:\/\/redemulheresnano.ufn.edu.br\/index.php?rest_route=%2Fwp%2Fv2%2Fcomments&post=1214"}],"version-history":[{"count":9,"href":"https:\/\/redemulheresnano.ufn.edu.br\/index.php?rest_route=\/wp\/v2\/pages\/1214\/revisions"}],"predecessor-version":[{"id":1243,"href":"https:\/\/redemulheresnano.ufn.edu.br\/index.php?rest_route=\/wp\/v2\/pages\/1214\/revisions\/1243"}],"wp:attachment":[{"href":"https:\/\/redemulheresnano.ufn.edu.br\/index.php?rest_route=%2Fwp%2Fv2%2Fmedia&parent=1214"}],"curies":[{"name":"wp","href":"https:\/\/api.w.org\/{rel}","templated":true}]}}