{"id":1861,"date":"2025-09-17T16:40:34","date_gmt":"2025-09-17T19:40:34","guid":{"rendered":"https:\/\/redemulheresnano.ufn.edu.br\/?page_id=1861"},"modified":"2025-09-18T10:07:48","modified_gmt":"2025-09-18T13:07:48","slug":"premios","status":"publish","type":"page","link":"https:\/\/redemulheresnano.ufn.edu.br\/?page_id=1861","title":{"rendered":"Pr\u00eamios"},"content":{"rendered":"\n<h2 class=\"wp-block-heading has-text-align-center has-large-font-size\">Pr\u00eamios de professoras e bolsistas&nbsp;da&nbsp;Rede Nacional de Mulheres na Nanoci\u00eancia<\/h2>\n\n\n\n<hr class=\"wp-block-separator has-alpha-channel-opacity\"\/>\n\n\n\n<div class=\"wp-block-media-text is-stacked-on-mobile\" style=\"grid-template-columns:35% auto\"><figure class=\"wp-block-media-text__media\"><img loading=\"lazy\" decoding=\"async\" width=\"960\" height=\"960\" src=\"https:\/\/redemulheresnano.ufn.edu.br\/wp-content\/uploads\/2025\/09\/Imagem-de-2025-09-17-as-16.37.32_7577a752.jpg\" alt=\"\" class=\"wp-image-1877 size-full\" srcset=\"https:\/\/redemulheresnano.ufn.edu.br\/wp-content\/uploads\/2025\/09\/Imagem-de-2025-09-17-as-16.37.32_7577a752.jpg 960w, https:\/\/redemulheresnano.ufn.edu.br\/wp-content\/uploads\/2025\/09\/Imagem-de-2025-09-17-as-16.37.32_7577a752-300x300.jpg 300w, https:\/\/redemulheresnano.ufn.edu.br\/wp-content\/uploads\/2025\/09\/Imagem-de-2025-09-17-as-16.37.32_7577a752-150x150.jpg 150w, https:\/\/redemulheresnano.ufn.edu.br\/wp-content\/uploads\/2025\/09\/Imagem-de-2025-09-17-as-16.37.32_7577a752-768x768.jpg 768w\" sizes=\"auto, (max-width: 960px) 100vw, 960px\" \/><\/figure><div class=\"wp-block-media-text__content\">\n<h2 class=\"wp-block-heading has-large-font-size\">Alunas da Escola Padre Rafael Iop participando da Fase Regional da Steam Party com trabalho sobre N&amp;N no&nbsp;Ensino&nbsp;B\u00e1sico<\/h2>\n\n\n\n<p class=\"has-medium-font-size\">N\u00facleo Ip\u00ea-Roxo<\/p>\n<\/div><\/div>\n\n\n\n<hr class=\"wp-block-separator has-alpha-channel-opacity\"\/>\n\n\n<p>No dia 09 de setembro de 2025, a Escola Estadual de Ensino Fundamental Padre Rafael Iop, de S\u00e3o Jo\u00e3o do Pol\u00easine (RS), participou da Mostra Cient\u00edfica Regional promovida pela 8\u00aa Coordenadoria Regional de Educa\u00e7\u00e3o, no Hotel Morotin, em Santa Maria. O evento, voltado para alunos da educa\u00e7\u00e3o b\u00e1sica, promoveu o desenvolvimento de projetos que enfrentam desafios sociais e estimulam a criatividade, o pensamento cr\u00edtico e a colabora\u00e7\u00e3o. As estudantes bolsistas da escola, Erica Pivetta Tomazetti, La\u00eds Facco Manfio e Maria Luiza Bitencourt Exterckotter, conquistaram o segundo lugar na categoria Projeto Cient\u00edfico com o trabalho \u201cExplorando a Nanoci\u00eancia e Nanotecnologia em Escola de Ensino B\u00e1sico\u201d. O projeto, em parceria com a Universidade Franciscana (UFN) e a Rede de Mulheres na Nanoci\u00eancia, prop\u00f5e a introdu\u00e7\u00e3o da Nanoci\u00eancia e Nanotecnologia no curr\u00edculo do Ensino Fundamental, por meio de atividades interdisciplinares, como oficinas e pesquisas. Com foco no protagonismo feminino e na alfabetiza\u00e7\u00e3o cient\u00edfica, a iniciativa despertou o interesse dos alunos pelos temas cient\u00edficos, al\u00e9m de promover autonomia, colabora\u00e7\u00e3o e pensamento cr\u00edtico. A professora respons\u00e1vel, Patr\u00edcia da Silva Dias, contribui para tornar a ci\u00eancia mais acess\u00edvel e relevante para os estudantes, preparando-os para as transforma\u00e7\u00f5es tecnol\u00f3gicas do s\u00e9culo XXI.<br \/>\n<div id=\"envira-gallery-wrap-1865\" class=\"envira-gallery-wrap envira-gallery-theme-base envira-lightbox-theme-base\" itemscope itemtype=\"https:\/\/schema.org\/ImageGallery\"><div data-row-height=\"\" data-gallery-theme=\"\" id=\"envira-gallery-1865\" class=\"envira-gallery-public  envira-gallery-3-columns envira-clear enviratope envira-gallery-css-animations\" data-envira-columns=\"3\"><div id=\"envira-gallery-item-1887\" class=\"envira-gallery-item enviratope-item envira-gallery-item-1 envira-lazy-load\" style=\"padding-left: 1px; padding-bottom: 1px; padding-right: 1px;\"  itemscope itemtype=\"https:\/\/schema.org\/ImageObject\"><div class=\"envira-gallery-item-inner\"><div class=\"envira-gallery-position-overlay  envira-gallery-top-left\"><\/div><div class=\"envira-gallery-position-overlay  envira-gallery-top-right\"><\/div><div class=\"envira-gallery-position-overlay  envira-gallery-bottom-left\"><\/div><div class=\"envira-gallery-position-overlay  envira-gallery-bottom-right\"><\/div><a href=\"https:\/\/redemulheresnano.ufn.edu.br\/wp-content\/uploads\/2025\/09\/image10.jpeg\" class=\"envira-gallery-1865 envira-gallery-link\" rel=\"enviragallery1865\" title=\"image10\" data-envira-caption=\"image10\" data-envira-retina=\"\" data-thumbnail=\"\"  itemprop=\"contentUrl\"><div class=\"envira-lazy\" data-test-width=\"640\" data-test-height=\"480\" style=\"padding-bottom:75%;\"><img decoding=\"async\" id=\"envira-gallery-image-1887\" class=\"envira-gallery-image envira-gallery-image-1\" data-envira-index=\"1\" src=\"https:\/\/redemulheresnano.ufn.edu.br\/wp-content\/uploads\/2025\/09\/image10-768x1024-640x480.jpeg\" data-envira-src=\"https:\/\/redemulheresnano.ufn.edu.br\/wp-content\/uploads\/2025\/09\/image10-768x1024-640x480.jpeg\" data-envira-gallery-id=\"1865\" data-envira-item-id=\"1887\" data-envira-caption=\"image10\" alt=\"\" title=\"image10\"  itemprop=\"thumbnailUrl\" data-envira-srcset=\"https:\/\/redemulheresnano.ufn.edu.br\/wp-content\/uploads\/2025\/09\/image10-768x1024-640x480.jpeg 400w,https:\/\/redemulheresnano.ufn.edu.br\/wp-content\/uploads\/2025\/09\/image10-768x1024-640x480.jpeg 2x\" srcset=\"data:image\/gif;base64,R0lGODlhAQABAIAAAP\/\/\/\/\/\/\/yH5BAEKAAEALAAAAAABAAEAAAICTAEAOw==\" \/><\/div><\/a><\/div><\/div><div id=\"envira-gallery-item-1893\" class=\"envira-gallery-item enviratope-item envira-gallery-item-2 envira-lazy-load\" style=\"padding-left: 1px; padding-bottom: 1px; padding-right: 1px;\"  itemscope itemtype=\"https:\/\/schema.org\/ImageObject\"><div class=\"envira-gallery-item-inner\"><div class=\"envira-gallery-position-overlay  envira-gallery-top-left\"><\/div><div class=\"envira-gallery-position-overlay  envira-gallery-top-right\"><\/div><div class=\"envira-gallery-position-overlay  envira-gallery-bottom-left\"><\/div><div class=\"envira-gallery-position-overlay  envira-gallery-bottom-right\"><\/div><a href=\"https:\/\/redemulheresnano.ufn.edu.br\/wp-content\/uploads\/2025\/09\/image1.jpeg\" class=\"envira-gallery-1865 envira-gallery-link\" rel=\"enviragallery1865\" title=\"image1\" data-envira-caption=\"image1\" data-envira-retina=\"\" data-thumbnail=\"\"  itemprop=\"contentUrl\"><div class=\"envira-lazy\" data-test-width=\"640\" data-test-height=\"480\" style=\"padding-bottom:75%;\"><img decoding=\"async\" id=\"envira-gallery-image-1893\" class=\"envira-gallery-image envira-gallery-image-2\" data-envira-index=\"2\" src=\"https:\/\/redemulheresnano.ufn.edu.br\/wp-content\/uploads\/2025\/09\/image1-768x1024-640x480.jpeg\" data-envira-src=\"https:\/\/redemulheresnano.ufn.edu.br\/wp-content\/uploads\/2025\/09\/image1-768x1024-640x480.jpeg\" data-envira-gallery-id=\"1865\" data-envira-item-id=\"1893\" data-envira-caption=\"image1\" alt=\"\" title=\"image1\"  itemprop=\"thumbnailUrl\" data-envira-srcset=\"https:\/\/redemulheresnano.ufn.edu.br\/wp-content\/uploads\/2025\/09\/image1-768x1024-640x480.jpeg 400w,https:\/\/redemulheresnano.ufn.edu.br\/wp-content\/uploads\/2025\/09\/image1-768x1024-640x480.jpeg 2x\" srcset=\"data:image\/gif;base64,R0lGODlhAQABAIAAAP\/\/\/\/\/\/\/yH5BAEKAAEALAAAAAABAAEAAAICTAEAOw==\" \/><\/div><\/a><\/div><\/div><div id=\"envira-gallery-item-1891\" class=\"envira-gallery-item enviratope-item envira-gallery-item-3 envira-lazy-load\" style=\"padding-left: 1px; padding-bottom: 1px; padding-right: 1px;\"  itemscope itemtype=\"https:\/\/schema.org\/ImageObject\"><div class=\"envira-gallery-item-inner\"><div class=\"envira-gallery-position-overlay  envira-gallery-top-left\"><\/div><div class=\"envira-gallery-position-overlay  envira-gallery-top-right\"><\/div><div class=\"envira-gallery-position-overlay  envira-gallery-bottom-left\"><\/div><div class=\"envira-gallery-position-overlay  envira-gallery-bottom-right\"><\/div><a href=\"https:\/\/redemulheresnano.ufn.edu.br\/wp-content\/uploads\/2025\/09\/image3.jpeg\" class=\"envira-gallery-1865 envira-gallery-link\" rel=\"enviragallery1865\" title=\"image3\" data-envira-caption=\"image3\" data-envira-retina=\"\" data-thumbnail=\"\"  itemprop=\"contentUrl\"><div class=\"envira-lazy\" data-test-width=\"640\" data-test-height=\"480\" style=\"padding-bottom:75%;\"><img decoding=\"async\" id=\"envira-gallery-image-1891\" class=\"envira-gallery-image envira-gallery-image-3\" data-envira-index=\"3\" src=\"https:\/\/redemulheresnano.ufn.edu.br\/wp-content\/uploads\/2025\/09\/image3-768x1024-640x480.jpeg\" data-envira-src=\"https:\/\/redemulheresnano.ufn.edu.br\/wp-content\/uploads\/2025\/09\/image3-768x1024-640x480.jpeg\" data-envira-gallery-id=\"1865\" data-envira-item-id=\"1891\" data-envira-caption=\"image3\" alt=\"\" title=\"image3\"  itemprop=\"thumbnailUrl\" data-envira-srcset=\"https:\/\/redemulheresnano.ufn.edu.br\/wp-content\/uploads\/2025\/09\/image3-768x1024-640x480.jpeg 400w,https:\/\/redemulheresnano.ufn.edu.br\/wp-content\/uploads\/2025\/09\/image3-768x1024-640x480.jpeg 2x\" srcset=\"data:image\/gif;base64,R0lGODlhAQABAIAAAP\/\/\/\/\/\/\/yH5BAEKAAEALAAAAAABAAEAAAICTAEAOw==\" \/><\/div><\/a><\/div><\/div><div id=\"envira-gallery-item-1894\" class=\"envira-gallery-item enviratope-item envira-gallery-item-4 envira-lazy-load\" style=\"padding-left: 1px; padding-bottom: 1px; padding-right: 1px;\"  itemscope itemtype=\"https:\/\/schema.org\/ImageObject\"><div class=\"envira-gallery-item-inner\"><div class=\"envira-gallery-position-overlay  envira-gallery-top-left\"><\/div><div class=\"envira-gallery-position-overlay  envira-gallery-top-right\"><\/div><div class=\"envira-gallery-position-overlay  envira-gallery-bottom-left\"><\/div><div class=\"envira-gallery-position-overlay  envira-gallery-bottom-right\"><\/div><a href=\"https:\/\/redemulheresnano.ufn.edu.br\/wp-content\/uploads\/2025\/09\/image12.jpg\" class=\"envira-gallery-1865 envira-gallery-link\" rel=\"enviragallery1865\" title=\"image12\" data-envira-caption=\"image12\" data-envira-retina=\"\" data-thumbnail=\"\"  itemprop=\"contentUrl\"><div class=\"envira-lazy\" data-test-width=\"640\" data-test-height=\"480\" style=\"padding-bottom:75%;\"><img decoding=\"async\" id=\"envira-gallery-image-1894\" class=\"envira-gallery-image envira-gallery-image-4\" data-envira-index=\"4\" src=\"https:\/\/redemulheresnano.ufn.edu.br\/wp-content\/uploads\/2025\/09\/image12-1024x768-640x480.jpg\" data-envira-src=\"https:\/\/redemulheresnano.ufn.edu.br\/wp-content\/uploads\/2025\/09\/image12-1024x768-640x480.jpg\" data-envira-gallery-id=\"1865\" data-envira-item-id=\"1894\" data-envira-caption=\"image12\" alt=\"\" title=\"image12\"  itemprop=\"thumbnailUrl\" data-envira-srcset=\"https:\/\/redemulheresnano.ufn.edu.br\/wp-content\/uploads\/2025\/09\/image12-1024x768-640x480.jpg 400w,https:\/\/redemulheresnano.ufn.edu.br\/wp-content\/uploads\/2025\/09\/image12-1024x768-640x480.jpg 2x\" srcset=\"data:image\/gif;base64,R0lGODlhAQABAIAAAP\/\/\/\/\/\/\/yH5BAEKAAEALAAAAAABAAEAAAICTAEAOw==\" \/><\/div><\/a><\/div><\/div><div id=\"envira-gallery-item-1886\" class=\"envira-gallery-item enviratope-item envira-gallery-item-5 envira-lazy-load\" style=\"padding-left: 1px; padding-bottom: 1px; padding-right: 1px;\"  itemscope itemtype=\"https:\/\/schema.org\/ImageObject\"><div class=\"envira-gallery-item-inner\"><div class=\"envira-gallery-position-overlay  envira-gallery-top-left\"><\/div><div class=\"envira-gallery-position-overlay  envira-gallery-top-right\"><\/div><div class=\"envira-gallery-position-overlay  envira-gallery-bottom-left\"><\/div><div class=\"envira-gallery-position-overlay  envira-gallery-bottom-right\"><\/div><a href=\"https:\/\/redemulheresnano.ufn.edu.br\/wp-content\/uploads\/2025\/09\/image11.jpeg\" class=\"envira-gallery-1865 envira-gallery-link\" rel=\"enviragallery1865\" title=\"image11\" data-envira-caption=\"image11\" data-envira-retina=\"\" data-thumbnail=\"\"  itemprop=\"contentUrl\"><div class=\"envira-lazy\" data-test-width=\"640\" data-test-height=\"480\" style=\"padding-bottom:75%;\"><img decoding=\"async\" id=\"envira-gallery-image-1886\" class=\"envira-gallery-image envira-gallery-image-5\" data-envira-index=\"5\" src=\"https:\/\/redemulheresnano.ufn.edu.br\/wp-content\/uploads\/2025\/09\/image11-1024x768-640x480.jpeg\" data-envira-src=\"https:\/\/redemulheresnano.ufn.edu.br\/wp-content\/uploads\/2025\/09\/image11-1024x768-640x480.jpeg\" data-envira-gallery-id=\"1865\" data-envira-item-id=\"1886\" data-envira-caption=\"image11\" alt=\"\" title=\"image11\"  itemprop=\"thumbnailUrl\" data-envira-srcset=\"https:\/\/redemulheresnano.ufn.edu.br\/wp-content\/uploads\/2025\/09\/image11-1024x768-640x480.jpeg 400w,https:\/\/redemulheresnano.ufn.edu.br\/wp-content\/uploads\/2025\/09\/image11-1024x768-640x480.jpeg 2x\" srcset=\"data:image\/gif;base64,R0lGODlhAQABAIAAAP\/\/\/\/\/\/\/yH5BAEKAAEALAAAAAABAAEAAAICTAEAOw==\" \/><\/div><\/a><\/div><\/div><\/div><\/div><noscript><img decoding=\"async\" src=\"https:\/\/redemulheresnano.ufn.edu.br\/wp-content\/uploads\/2025\/09\/image10.jpeg\" alt=\"\" \/><img decoding=\"async\" src=\"https:\/\/redemulheresnano.ufn.edu.br\/wp-content\/uploads\/2025\/09\/image1.jpeg\" alt=\"\" \/><img decoding=\"async\" src=\"https:\/\/redemulheresnano.ufn.edu.br\/wp-content\/uploads\/2025\/09\/image3.jpeg\" alt=\"\" \/><img decoding=\"async\" src=\"https:\/\/redemulheresnano.ufn.edu.br\/wp-content\/uploads\/2025\/09\/image12.jpg\" alt=\"\" \/><img decoding=\"async\" src=\"https:\/\/redemulheresnano.ufn.edu.br\/wp-content\/uploads\/2025\/09\/image11.jpeg\" alt=\"\" \/><\/noscript><\/p>\n","protected":false},"excerpt":{"rendered":"<p>Pr\u00eamios de professoras e bolsistas&nbsp;da&nbsp;Rede Nacional de Mulheres na Nanoci\u00eancia Alunas da Escola [&hellip;]<\/p>\n","protected":false},"author":181,"featured_media":0,"parent":0,"menu_order":0,"comment_status":"closed","ping_status":"closed","template":"","meta":{"_price":"","_stock":"","_tribe_ticket_header":"","_tribe_default_ticket_provider":"","_tribe_ticket_capacity":"0","_ticket_start_date":"","_ticket_end_date":"","_tribe_ticket_show_description":"","_tribe_ticket_show_not_going":false,"_tribe_ticket_use_global_stock":"","_tribe_ticket_global_stock_level":"","_global_stock_mode":"","_global_stock_cap":"","_tribe_rsvp_for_event":"","_tribe_ticket_going_count":"","_tribe_ticket_not_going_count":"","_tribe_tickets_list":"[]","_tribe_ticket_has_attendee_info_fields":false,"footnotes":"","_tec_slr_enabled":"","_tec_slr_layout":""},"class_list":["post-1861","page","type-page","status-publish","hentry"],"ticketed":false,"_links":{"self":[{"href":"https:\/\/redemulheresnano.ufn.edu.br\/index.php?rest_route=\/wp\/v2\/pages\/1861","targetHints":{"allow":["GET"]}}],"collection":[{"href":"https:\/\/redemulheresnano.ufn.edu.br\/index.php?rest_route=\/wp\/v2\/pages"}],"about":[{"href":"https:\/\/redemulheresnano.ufn.edu.br\/index.php?rest_route=\/wp\/v2\/types\/page"}],"author":[{"embeddable":true,"href":"https:\/\/redemulheresnano.ufn.edu.br\/index.php?rest_route=\/wp\/v2\/users\/181"}],"replies":[{"embeddable":true,"href":"https:\/\/redemulheresnano.ufn.edu.br\/index.php?rest_route=%2Fwp%2Fv2%2Fcomments&post=1861"}],"version-history":[{"count":22,"href":"https:\/\/redemulheresnano.ufn.edu.br\/index.php?rest_route=\/wp\/v2\/pages\/1861\/revisions"}],"predecessor-version":[{"id":1901,"href":"https:\/\/redemulheresnano.ufn.edu.br\/index.php?rest_route=\/wp\/v2\/pages\/1861\/revisions\/1901"}],"wp:attachment":[{"href":"https:\/\/redemulheresnano.ufn.edu.br\/index.php?rest_route=%2Fwp%2Fv2%2Fmedia&parent=1861"}],"curies":[{"name":"wp","href":"https:\/\/api.w.org\/{rel}","templated":true}]}}