{"id":19,"date":"2025-05-07T20:00:39","date_gmt":"2025-05-07T20:00:39","guid":{"rendered":"http:\/\/mulheres-na-nano-2505.local\/?page_id=19"},"modified":"2025-09-03T20:01:38","modified_gmt":"2025-09-03T23:01:38","slug":"nucleos","status":"publish","type":"page","link":"https:\/\/redemulheresnano.ufn.edu.br\/?page_id=19","title":{"rendered":"N\u00facleos"},"content":{"rendered":"\n<div class=\"wp-block-columns is-layout-flex wp-container-core-columns-is-layout-9d6595d7 wp-block-columns-is-layout-flex\">\n<div class=\"wp-block-column is-layout-flow wp-block-column-is-layout-flow\">\n<div class=\"wp-block-group\"><div class=\"wp-block-group__inner-container is-layout-constrained wp-block-group-is-layout-constrained\">\n<p><\/p>\n\n\n\n<p><\/p>\n\n\n\n<p class=\"has-text-align-left\" style=\"font-size:24px\">A equipe do projeto est\u00e1 dividida em 6 n\u00facleos de atua\u00e7\u00e3o, os quais foram estabelecidos por afinidades de a\u00e7\u00f5es e localiza\u00e7\u00e3o, afim de otimizar as atividades e ter um maior impacto.<\/p>\n\n\n\n<p class=\"has-text-align-left\" style=\"font-size:24px\">Levando em considera\u00e7\u00e3o a proposta interdisciplinar do projeto a denomina\u00e7\u00e3o dos n\u00facleos leva em conta as flores s\u00edmbolo dos estados ou regi\u00f5es brasileiras. Para tanto, foram escolhidas \u00e1rvores nativas onde suas caracter\u00edsticas, como folhas e flores, tamb\u00e9m rondam o universo feminino<\/p>\n<\/div><\/div>\n<\/div>\n\n\n\n<div class=\"wp-block-column is-layout-flow wp-block-column-is-layout-flow\"><div class=\"wp-block-image\">\n<figure class=\"aligncenter size-full\"><img loading=\"lazy\" decoding=\"async\" width=\"500\" height=\"500\" src=\"https:\/\/redemulheresnano.ufn.edu.br\/wp-content\/uploads\/2025\/08\/pro-Pf2jub4Q-removebg-preview.png\" alt=\"\" class=\"wp-image-1594\" srcset=\"https:\/\/redemulheresnano.ufn.edu.br\/wp-content\/uploads\/2025\/08\/pro-Pf2jub4Q-removebg-preview.png 500w, https:\/\/redemulheresnano.ufn.edu.br\/wp-content\/uploads\/2025\/08\/pro-Pf2jub4Q-removebg-preview-300x300.png 300w, https:\/\/redemulheresnano.ufn.edu.br\/wp-content\/uploads\/2025\/08\/pro-Pf2jub4Q-removebg-preview-150x150.png 150w\" sizes=\"auto, (max-width: 500px) 100vw, 500px\" \/><\/figure>\n<\/div><\/div>\n<\/div>\n\n\n\n<p><\/p>\n\n\n\n<h2 class=\"wp-block-heading has-text-align-center\"><strong>N\u00facleo IP\u00ca-ROXO<\/strong><\/h2>\n\n\n\n<div class=\"wp-block-media-text is-stacked-on-mobile\" style=\"grid-template-columns:35% auto\"><figure class=\"wp-block-media-text__media\"><img loading=\"lazy\" decoding=\"async\" width=\"995\" height=\"1024\" src=\"https:\/\/redemulheresnano.ufn.edu.br\/wp-content\/uploads\/2025\/05\/Logos_nucleos-01-scaled-1-995x1024.png\" alt=\"\" class=\"wp-image-908 size-full\" srcset=\"https:\/\/redemulheresnano.ufn.edu.br\/wp-content\/uploads\/2025\/05\/Logos_nucleos-01-scaled-1-995x1024.png 995w, https:\/\/redemulheresnano.ufn.edu.br\/wp-content\/uploads\/2025\/05\/Logos_nucleos-01-scaled-1-291x300.png 291w, https:\/\/redemulheresnano.ufn.edu.br\/wp-content\/uploads\/2025\/05\/Logos_nucleos-01-scaled-1-768x791.png 768w, https:\/\/redemulheresnano.ufn.edu.br\/wp-content\/uploads\/2025\/05\/Logos_nucleos-01-scaled-1-1492x1536.png 1492w, https:\/\/redemulheresnano.ufn.edu.br\/wp-content\/uploads\/2025\/05\/Logos_nucleos-01-scaled-1-1990x2048.png 1990w\" sizes=\"auto, (max-width: 995px) 100vw, 995px\" \/><\/figure><div class=\"wp-block-media-text__content\">\n<p><\/p>\n\n\n\n<p class=\"has-text-align-center\" style=\"font-size:22px\"><strong>Institui\u00e7\u00f5es participantes<\/strong><br>         Universidade Franciscana (UFN)<br>         Universidade Federal do Rio Grande do Sul (UFRGS)<\/p>\n\n\n\n<p class=\"has-text-align-center\" style=\"font-size:24px\"><strong>Empresas participantes<\/strong><br>         ScienceInData<\/p>\n\n\n\n<p class=\"has-text-align-center\"><\/p>\n\n\n\n<p><\/p>\n<\/div><\/div>\n\n\n\n<h2 class=\"wp-block-heading has-text-align-center\"><strong>N\u00facleo ARAUC\u00c1RIA<\/strong><\/h2>\n\n\n\n<div class=\"wp-block-media-text has-media-on-the-right is-stacked-on-mobile\" style=\"grid-template-columns:auto 35%\"><div class=\"wp-block-media-text__content\">\n<p class=\"has-text-align-center\" style=\"font-size:22px\"><strong>Institui\u00e7\u00f5es participantes<\/strong><br>         Universidade Federal do Paran\u00e1 (UFPR)<br>         Universidade Tecnol\u00f3gica Federal do Paran\u00e1 (UTFPR)<\/p>\n\n\n\n<p><\/p>\n<\/div><figure class=\"wp-block-media-text__media\"><img loading=\"lazy\" decoding=\"async\" width=\"995\" height=\"1024\" src=\"https:\/\/redemulheresnano.ufn.edu.br\/wp-content\/uploads\/2025\/05\/Logos_nucleos-06-scaled-1-995x1024.png\" alt=\"\" class=\"wp-image-913 size-full\" srcset=\"https:\/\/redemulheresnano.ufn.edu.br\/wp-content\/uploads\/2025\/05\/Logos_nucleos-06-scaled-1-995x1024.png 995w, https:\/\/redemulheresnano.ufn.edu.br\/wp-content\/uploads\/2025\/05\/Logos_nucleos-06-scaled-1-292x300.png 292w, https:\/\/redemulheresnano.ufn.edu.br\/wp-content\/uploads\/2025\/05\/Logos_nucleos-06-scaled-1-768x790.png 768w, https:\/\/redemulheresnano.ufn.edu.br\/wp-content\/uploads\/2025\/05\/Logos_nucleos-06-scaled-1-1493x1536.png 1493w, https:\/\/redemulheresnano.ufn.edu.br\/wp-content\/uploads\/2025\/05\/Logos_nucleos-06-scaled-1-1990x2048.png 1990w\" sizes=\"auto, (max-width: 995px) 100vw, 995px\" \/><\/figure><\/div>\n\n\n\n<div class=\"wp-block-columns is-layout-flex wp-container-core-columns-is-layout-9d6595d7 wp-block-columns-is-layout-flex\">\n<div class=\"wp-block-column is-layout-flow wp-block-column-is-layout-flow\"><\/div>\n\n\n\n<div class=\"wp-block-column is-layout-flow wp-block-column-is-layout-flow\"><\/div>\n<\/div>\n\n\n\n<h2 class=\"wp-block-heading has-text-align-center\"><strong>N\u00facleo CAPIM DOURADO<\/strong><\/h2>\n\n\n\n<div class=\"wp-block-media-text is-stacked-on-mobile\" style=\"grid-template-columns:35% auto\"><figure class=\"wp-block-media-text__media\"><img loading=\"lazy\" decoding=\"async\" width=\"995\" height=\"1024\" src=\"https:\/\/redemulheresnano.ufn.edu.br\/wp-content\/uploads\/2025\/05\/Logos_nucleos-04-1-scaled-1-995x1024.png\" alt=\"\" class=\"wp-image-831 size-full\" srcset=\"https:\/\/redemulheresnano.ufn.edu.br\/wp-content\/uploads\/2025\/05\/Logos_nucleos-04-1-scaled-1-995x1024.png 995w, https:\/\/redemulheresnano.ufn.edu.br\/wp-content\/uploads\/2025\/05\/Logos_nucleos-04-1-scaled-1-292x300.png 292w, https:\/\/redemulheresnano.ufn.edu.br\/wp-content\/uploads\/2025\/05\/Logos_nucleos-04-1-scaled-1-768x790.png 768w, https:\/\/redemulheresnano.ufn.edu.br\/wp-content\/uploads\/2025\/05\/Logos_nucleos-04-1-scaled-1-1493x1536.png 1493w, https:\/\/redemulheresnano.ufn.edu.br\/wp-content\/uploads\/2025\/05\/Logos_nucleos-04-1-scaled-1-1990x2048.png 1990w\" sizes=\"auto, (max-width: 995px) 100vw, 995px\" \/><\/figure><div class=\"wp-block-media-text__content\">\n<p class=\"has-text-align-center\" style=\"font-size:22px\"><strong> Institui\u00e7\u00f5es participantes<\/strong><br> Universidade Federal de Goi\u00e1s (UFG)<br> Universidade de Bras\u00edlia (UnB)<br> Universidade Federal do Norte do Tocantins (UFNT)<\/p>\n\n\n\n<p class=\"has-text-align-center\" style=\"font-size:22px\"><strong>Empresas participantes<\/strong><br>Krilltec<\/p>\n\n\n\n<p><\/p>\n<\/div><\/div>\n\n\n\n<h2 class=\"wp-block-heading has-text-align-center\"><strong>N\u00facleo UMBU<\/strong><\/h2>\n\n\n\n<div class=\"wp-block-media-text has-media-on-the-right is-stacked-on-mobile\" style=\"grid-template-columns:auto 35%\"><div class=\"wp-block-media-text__content\">\n<p class=\"has-text-align-center\" style=\"font-size:22px\"><strong>Institui\u00e7\u00f5es participantes<br>         <\/strong>Universidade Tiradentes (UniT)<br>         Universidade Federal da Bahia (UFBA)<br>         Universidade Federal do Rec\u00f4ncavo da Bahia (UFRB)<\/p>\n\n\n\n<p><\/p>\n<\/div><figure class=\"wp-block-media-text__media\"><img loading=\"lazy\" decoding=\"async\" width=\"995\" height=\"1024\" src=\"https:\/\/redemulheresnano.ufn.edu.br\/wp-content\/uploads\/2025\/05\/Logos_nucleos-03-scaled-1-995x1024.png\" alt=\"\" class=\"wp-image-910 size-full\" srcset=\"https:\/\/redemulheresnano.ufn.edu.br\/wp-content\/uploads\/2025\/05\/Logos_nucleos-03-scaled-1-995x1024.png 995w, https:\/\/redemulheresnano.ufn.edu.br\/wp-content\/uploads\/2025\/05\/Logos_nucleos-03-scaled-1-291x300.png 291w, https:\/\/redemulheresnano.ufn.edu.br\/wp-content\/uploads\/2025\/05\/Logos_nucleos-03-scaled-1-768x791.png 768w, https:\/\/redemulheresnano.ufn.edu.br\/wp-content\/uploads\/2025\/05\/Logos_nucleos-03-scaled-1-1492x1536.png 1492w, https:\/\/redemulheresnano.ufn.edu.br\/wp-content\/uploads\/2025\/05\/Logos_nucleos-03-scaled-1-1990x2048.png 1990w\" sizes=\"auto, (max-width: 995px) 100vw, 995px\" \/><\/figure><\/div>\n\n\n\n<h2 class=\"wp-block-heading has-text-align-center\"><strong>N\u00facleo CARNAUB\u00c1<\/strong><\/h2>\n\n\n\n<div class=\"wp-block-media-text is-stacked-on-mobile\" style=\"grid-template-columns:35% auto\"><figure class=\"wp-block-media-text__media\"><img loading=\"lazy\" decoding=\"async\" width=\"995\" height=\"1024\" src=\"https:\/\/redemulheresnano.ufn.edu.br\/wp-content\/uploads\/2025\/05\/Logos_nucleos-05-scaled-1-995x1024.png\" alt=\"\" class=\"wp-image-912 size-full\" srcset=\"https:\/\/redemulheresnano.ufn.edu.br\/wp-content\/uploads\/2025\/05\/Logos_nucleos-05-scaled-1-995x1024.png 995w, https:\/\/redemulheresnano.ufn.edu.br\/wp-content\/uploads\/2025\/05\/Logos_nucleos-05-scaled-1-292x300.png 292w, https:\/\/redemulheresnano.ufn.edu.br\/wp-content\/uploads\/2025\/05\/Logos_nucleos-05-scaled-1-768x790.png 768w, https:\/\/redemulheresnano.ufn.edu.br\/wp-content\/uploads\/2025\/05\/Logos_nucleos-05-scaled-1-1493x1536.png 1493w, https:\/\/redemulheresnano.ufn.edu.br\/wp-content\/uploads\/2025\/05\/Logos_nucleos-05-scaled-1-1990x2048.png 1990w\" sizes=\"auto, (max-width: 995px) 100vw, 995px\" \/><\/figure><div class=\"wp-block-media-text__content\">\n<p class=\"has-text-align-center\" style=\"font-size:22px\"><strong>Institui\u00e7\u00f5es participantes<\/strong><br>         Universidade Federal do Cear\u00e1 (UFC)<br>         Universidade Federal do Maranh\u00e3o (UFMA)<br>         Universidade da Integra\u00e7\u00e3o Internacional da Lusofonia Afro-Brasileira (UNILAB)<\/p>\n\n\n\n<p><\/p>\n<\/div><\/div>\n\n\n\n<h2 class=\"wp-block-heading has-text-align-center\"><strong>N\u00facleo MANAC\u00c1-DA-SERRA<\/strong><\/h2>\n\n\n\n<div class=\"wp-block-media-text has-media-on-the-right is-stacked-on-mobile\" style=\"grid-template-columns:auto 35%\"><div class=\"wp-block-media-text__content\">\n<p class=\"has-text-align-center\" style=\"font-size:22px\"><strong>Institui\u00e7\u00f5es participantes<br>         <\/strong> Universidade Federal Fluminense (UFF)<br> Universidade Federal de Juiz de Fora (UFJF)<br> Universidade Federal de Minas Gerais (UFMG)<br> Instituto de Pesquisas Tecnol\u00f3gicas de S\u00e3o Paulo (IPT)<br> Universidade de Araraquara (UNIARA)<br> Universidade Federal do ABC (UFABC) <\/p>\n\n\n\n<p class=\"has-text-align-center\" style=\"font-size:22px\"><strong>Empresas participantes<\/strong><br>STEM For GIRLS<br>Centro Nacional de Pesquisa em Energia e Materiais (CNPEM)<\/p>\n\n\n\n<p class=\"has-text-align-center\" style=\"font-size:22px\"><\/p>\n\n\n\n<p><\/p>\n<\/div><figure class=\"wp-block-media-text__media\"><img loading=\"lazy\" decoding=\"async\" width=\"995\" height=\"1024\" src=\"https:\/\/redemulheresnano.ufn.edu.br\/wp-content\/uploads\/2025\/05\/Logos_nucleos-02-scaled-1-995x1024.png\" alt=\"\" class=\"wp-image-909 size-full\" srcset=\"https:\/\/redemulheresnano.ufn.edu.br\/wp-content\/uploads\/2025\/05\/Logos_nucleos-02-scaled-1-995x1024.png 995w, https:\/\/redemulheresnano.ufn.edu.br\/wp-content\/uploads\/2025\/05\/Logos_nucleos-02-scaled-1-291x300.png 291w, https:\/\/redemulheresnano.ufn.edu.br\/wp-content\/uploads\/2025\/05\/Logos_nucleos-02-scaled-1-768x791.png 768w, https:\/\/redemulheresnano.ufn.edu.br\/wp-content\/uploads\/2025\/05\/Logos_nucleos-02-scaled-1-1492x1536.png 1492w, https:\/\/redemulheresnano.ufn.edu.br\/wp-content\/uploads\/2025\/05\/Logos_nucleos-02-scaled-1-1990x2048.png 1990w\" sizes=\"auto, (max-width: 995px) 100vw, 995px\" \/><\/figure><\/div>\n","protected":false},"excerpt":{"rendered":"<p>A equipe do projeto est\u00e1 dividida em 6 n\u00facleos de atua\u00e7\u00e3o, os quais [&hellip;]<\/p>\n","protected":false},"author":181,"featured_media":0,"parent":0,"menu_order":0,"comment_status":"closed","ping_status":"closed","template":"","meta":{"_price":"","_stock":"","_tribe_ticket_header":"","_tribe_default_ticket_provider":"","_tribe_ticket_capacity":"0","_ticket_start_date":"","_ticket_end_date":"","_tribe_ticket_show_description":"","_tribe_ticket_show_not_going":false,"_tribe_ticket_use_global_stock":"","_tribe_ticket_global_stock_level":"","_global_stock_mode":"","_global_stock_cap":"","_tribe_rsvp_for_event":"","_tribe_ticket_going_count":"","_tribe_ticket_not_going_count":"","_tribe_tickets_list":"[]","_tribe_ticket_has_attendee_info_fields":false,"footnotes":"","_tec_slr_enabled":"","_tec_slr_layout":""},"class_list":["post-19","page","type-page","status-publish","hentry"],"ticketed":false,"_links":{"self":[{"href":"https:\/\/redemulheresnano.ufn.edu.br\/index.php?rest_route=\/wp\/v2\/pages\/19","targetHints":{"allow":["GET"]}}],"collection":[{"href":"https:\/\/redemulheresnano.ufn.edu.br\/index.php?rest_route=\/wp\/v2\/pages"}],"about":[{"href":"https:\/\/redemulheresnano.ufn.edu.br\/index.php?rest_route=\/wp\/v2\/types\/page"}],"author":[{"embeddable":true,"href":"https:\/\/redemulheresnano.ufn.edu.br\/index.php?rest_route=\/wp\/v2\/users\/181"}],"replies":[{"embeddable":true,"href":"https:\/\/redemulheresnano.ufn.edu.br\/index.php?rest_route=%2Fwp%2Fv2%2Fcomments&post=19"}],"version-history":[{"count":2,"href":"https:\/\/redemulheresnano.ufn.edu.br\/index.php?rest_route=\/wp\/v2\/pages\/19\/revisions"}],"predecessor-version":[{"id":1708,"href":"https:\/\/redemulheresnano.ufn.edu.br\/index.php?rest_route=\/wp\/v2\/pages\/19\/revisions\/1708"}],"wp:attachment":[{"href":"https:\/\/redemulheresnano.ufn.edu.br\/index.php?rest_route=%2Fwp%2Fv2%2Fmedia&parent=19"}],"curies":[{"name":"wp","href":"https:\/\/api.w.org\/{rel}","templated":true}]}}