{"id":21,"date":"2025-05-07T20:01:13","date_gmt":"2025-05-07T20:01:13","guid":{"rendered":"http:\/\/mulheres-na-nano-2505.local\/?page_id=21"},"modified":"2025-05-29T16:43:11","modified_gmt":"2025-05-29T19:43:11","slug":"equipe","status":"publish","type":"page","link":"https:\/\/redemulheresnano.ufn.edu.br\/?page_id=21","title":{"rendered":"Equipe"},"content":{"rendered":"\n<p class=\"has-medium-font-size\">Atualmente, a Rede Nacional de Mulheres na Nanoci\u00eancia \u00e9 formada por <strong>6 n\u00facleos<\/strong>, distribu\u00eddos pelas <strong>5 regi\u00f5es do Brasil<\/strong> e presentes em <strong>12 estados<\/strong>. A rede re\u00fane a colabora\u00e7\u00e3o de <strong>21 institui\u00e7\u00f5es de ensino superior e pesquisa<\/strong>, <strong>4 empresas parceiras<\/strong> e <strong>20 escolas de educa\u00e7\u00e3o b\u00e1sica<\/strong>. Ao todo, mais de <strong>80 pesquisadoras<\/strong> integram o projeto, que j\u00e1 alcan\u00e7ou <strong>mais de 10.700 estudantes<\/strong> em todo o pa\u00eds. A imagem abaixo ilustra a composi\u00e7\u00e3o e a distribui\u00e7\u00e3o geogr\u00e1fica dessa iniciativa que promove inclus\u00e3o, ci\u00eancia e inova\u00e7\u00e3o com protagonismo feminino.<\/p>\n\n\n<div class=\"wp-block-image\">\n<figure class=\"aligncenter size-large\"><img loading=\"lazy\" decoding=\"async\" width=\"1024\" height=\"576\" src=\"https:\/\/redemulheresnano.ufn.edu.br\/wp-content\/uploads\/2025\/05\/slides-divulgacao-mulheres-nano-regioes2-01-1024x576.jpg\" alt=\"\" class=\"wp-image-947\" srcset=\"https:\/\/redemulheresnano.ufn.edu.br\/wp-content\/uploads\/2025\/05\/slides-divulgacao-mulheres-nano-regioes2-01-1024x576.jpg 1024w, https:\/\/redemulheresnano.ufn.edu.br\/wp-content\/uploads\/2025\/05\/slides-divulgacao-mulheres-nano-regioes2-01-300x169.jpg 300w, https:\/\/redemulheresnano.ufn.edu.br\/wp-content\/uploads\/2025\/05\/slides-divulgacao-mulheres-nano-regioes2-01-768x432.jpg 768w, https:\/\/redemulheresnano.ufn.edu.br\/wp-content\/uploads\/2025\/05\/slides-divulgacao-mulheres-nano-regioes2-01-1536x864.jpg 1536w, https:\/\/redemulheresnano.ufn.edu.br\/wp-content\/uploads\/2025\/05\/slides-divulgacao-mulheres-nano-regioes2-01-2048x1152.jpg 2048w\" sizes=\"auto, (max-width: 1024px) 100vw, 1024px\" \/><\/figure>\n<\/div>\n\n\n<p><\/p>\n\n\n\n<div class=\"wp-block-columns is-layout-flex wp-container-core-columns-is-layout-9d6595d7 wp-block-columns-is-layout-flex\">\n<div class=\"wp-block-column is-layout-flow wp-block-column-is-layout-flow\">\n<h2 class=\"wp-block-heading\"><\/h2>\n<\/div>\n<\/div>\n\n\n\n<p class=\"has-medium-font-size\">A imagem abaixo apresenta o perfil da equipe do projeto, com base em crit\u00e9rios como <strong>titula\u00e7\u00e3o<\/strong>, <strong>fun\u00e7\u00e3o no projeto<\/strong>, <strong>v\u00ednculo com bolsas de produtividade ou inova\u00e7\u00e3o do CNPq<\/strong> <strong>e  cor\/ra\u00e7a<\/strong>. Destaca-se a <strong>diversidade de n\u00edveis de forma\u00e7\u00e3o acad\u00eamica<\/strong> e a <strong>intergeracionalidade na maturidade cient\u00edfica<\/strong>, bem como a <strong>pluralidade \u00e9tnico-racial<\/strong>, elementos que contribuem significativamente para um ambiente colaborativo e prop\u00edcio ao cumprimento das metas do projeto.<\/p>\n\n\n\n<figure class=\"wp-block-gallery has-nested-images columns-default is-cropped wp-block-gallery-1 is-layout-flex wp-block-gallery-is-layout-flex\">\n<figure class=\"wp-block-image size-large\"><img loading=\"lazy\" decoding=\"async\" width=\"1024\" height=\"610\" data-id=\"829\" src=\"https:\/\/redemulheresnano.ufn.edu.br\/wp-content\/uploads\/2025\/05\/Imagem3-1024x610.png\" alt=\"\" class=\"wp-image-829\" srcset=\"https:\/\/redemulheresnano.ufn.edu.br\/wp-content\/uploads\/2025\/05\/Imagem3-1024x610.png 1024w, https:\/\/redemulheresnano.ufn.edu.br\/wp-content\/uploads\/2025\/05\/Imagem3-300x179.png 300w, https:\/\/redemulheresnano.ufn.edu.br\/wp-content\/uploads\/2025\/05\/Imagem3-768x458.png 768w, https:\/\/redemulheresnano.ufn.edu.br\/wp-content\/uploads\/2025\/05\/Imagem3.png 1280w\" sizes=\"auto, (max-width: 1024px) 100vw, 1024px\" \/><\/figure>\n<\/figure>\n","protected":false},"excerpt":{"rendered":"<p>Atualmente, a Rede Nacional de Mulheres na Nanoci\u00eancia \u00e9 formada por 6 n\u00facleos, [&hellip;]<\/p>\n","protected":false},"author":181,"featured_media":0,"parent":0,"menu_order":0,"comment_status":"closed","ping_status":"closed","template":"","meta":{"_price":"","_stock":"","_tribe_ticket_header":"","_tribe_default_ticket_provider":"","_tribe_ticket_capacity":"0","_ticket_start_date":"","_ticket_end_date":"","_tribe_ticket_show_description":"","_tribe_ticket_show_not_going":false,"_tribe_ticket_use_global_stock":"","_tribe_ticket_global_stock_level":"","_global_stock_mode":"","_global_stock_cap":"","_tribe_rsvp_for_event":"","_tribe_ticket_going_count":"","_tribe_ticket_not_going_count":"","_tribe_tickets_list":"[]","_tribe_ticket_has_attendee_info_fields":false,"footnotes":"","_tec_slr_enabled":"","_tec_slr_layout":""},"class_list":["post-21","page","type-page","status-publish","hentry"],"ticketed":false,"_links":{"self":[{"href":"https:\/\/redemulheresnano.ufn.edu.br\/index.php?rest_route=\/wp\/v2\/pages\/21","targetHints":{"allow":["GET"]}}],"collection":[{"href":"https:\/\/redemulheresnano.ufn.edu.br\/index.php?rest_route=\/wp\/v2\/pages"}],"about":[{"href":"https:\/\/redemulheresnano.ufn.edu.br\/index.php?rest_route=\/wp\/v2\/types\/page"}],"author":[{"embeddable":true,"href":"https:\/\/redemulheresnano.ufn.edu.br\/index.php?rest_route=\/wp\/v2\/users\/181"}],"replies":[{"embeddable":true,"href":"https:\/\/redemulheresnano.ufn.edu.br\/index.php?rest_route=%2Fwp%2Fv2%2Fcomments&post=21"}],"version-history":[{"count":4,"href":"https:\/\/redemulheresnano.ufn.edu.br\/index.php?rest_route=\/wp\/v2\/pages\/21\/revisions"}],"predecessor-version":[{"id":949,"href":"https:\/\/redemulheresnano.ufn.edu.br\/index.php?rest_route=\/wp\/v2\/pages\/21\/revisions\/949"}],"wp:attachment":[{"href":"https:\/\/redemulheresnano.ufn.edu.br\/index.php?rest_route=%2Fwp%2Fv2%2Fmedia&parent=21"}],"curies":[{"name":"wp","href":"https:\/\/api.w.org\/{rel}","templated":true}]}}