{"id":23,"date":"2025-05-07T20:02:47","date_gmt":"2025-05-07T20:02:47","guid":{"rendered":"http:\/\/mulheres-na-nano-2505.local\/?page_id=23"},"modified":"2025-06-01T13:37:00","modified_gmt":"2025-06-01T16:37:00","slug":"comite-gestor","status":"publish","type":"page","link":"https:\/\/redemulheresnano.ufn.edu.br\/?page_id=23","title":{"rendered":"Comit\u00ea Gestor"},"content":{"rendered":"\n<div class=\"wp-block-media-text has-media-on-the-right is-stacked-on-mobile\" style=\"grid-template-columns:auto 30%\"><div class=\"wp-block-media-text__content\">\n<h2 class=\"wp-block-heading has-text-align-center has-x-large-font-size\">Solange Binotto Fagan<\/h2>\n\n\n\n<h3 class=\"wp-block-heading has-text-align-center\">Coordenadora do Projeto<\/h3>\n\n\n\n<p class=\"has-text-align-right\"><strong>N\u00facleo Ip\u00ea-Roxo | UFN &#8211; RS<\/strong><\/p>\n\n\n\n<p class=\"has-text-align-right\">M\u00e3e de dois filhos, Pedro de 12 anos e Beatriz de 6 anos, possui Gradua\u00e7\u00e3o, Mestrado e Doutorado em F\u00edsica pela UFSM. Atualmente \u00e9 Professora Titular e Vice-reitora da Universidade Franciscana (UFN).<\/p>\n<\/div><figure class=\"wp-block-media-text__media\"><img loading=\"lazy\" decoding=\"async\" width=\"999\" height=\"1024\" src=\"https:\/\/redemulheresnano.ufn.edu.br\/wp-content\/uploads\/2025\/05\/image-2-scaled-1-999x1024.png\" alt=\"\" class=\"wp-image-895 size-full\" srcset=\"https:\/\/redemulheresnano.ufn.edu.br\/wp-content\/uploads\/2025\/05\/image-2-scaled-1-999x1024.png 999w, https:\/\/redemulheresnano.ufn.edu.br\/wp-content\/uploads\/2025\/05\/image-2-scaled-1-293x300.png 293w, https:\/\/redemulheresnano.ufn.edu.br\/wp-content\/uploads\/2025\/05\/image-2-scaled-1-768x787.png 768w\" sizes=\"auto, (max-width: 999px) 100vw, 999px\" \/><\/figure><\/div>\n\n\n\n<div class=\"wp-block-media-text is-stacked-on-mobile\" style=\"grid-template-columns:30% auto\"><figure class=\"wp-block-media-text__media\"><img loading=\"lazy\" decoding=\"async\" width=\"960\" height=\"960\" src=\"https:\/\/redemulheresnano.ufn.edu.br\/wp-content\/uploads\/2025\/05\/zelia.png\" alt=\"\" class=\"wp-image-894 size-full\" srcset=\"https:\/\/redemulheresnano.ufn.edu.br\/wp-content\/uploads\/2025\/05\/zelia.png 960w, https:\/\/redemulheresnano.ufn.edu.br\/wp-content\/uploads\/2025\/05\/zelia-300x300.png 300w, https:\/\/redemulheresnano.ufn.edu.br\/wp-content\/uploads\/2025\/05\/zelia-150x150.png 150w, https:\/\/redemulheresnano.ufn.edu.br\/wp-content\/uploads\/2025\/05\/zelia-768x768.png 768w\" sizes=\"auto, (max-width: 960px) 100vw, 960px\" \/><\/figure><div class=\"wp-block-media-text__content\">\n<h2 class=\"wp-block-heading has-text-align-center has-x-large-font-size\">Z\u00e9lia Maria da Costa Ludwig<\/h2>\n\n\n\n<p><strong>N\u00facleo Manac\u00e1-da-Serra | UFJF-MG<\/strong><\/p>\n\n\n\n<p>M\u00e3e e Pesquisadora, possui Bacharelado em F\u00edsica pela PUC-SP e Licenciatura Plena em F\u00edsica, Mestrado, Doutorado e P\u00f3s doutorado pela USP. Atualmente \u00e9 professora em regime de dedica\u00e7\u00e3o exclusiva, pesquisadora e orientadora do Departamento de F\u00edsica da Universidade Federal de Juiz de Fora (UFJF).<\/p>\n<\/div><\/div>\n\n\n\n<div class=\"wp-block-media-text has-media-on-the-right is-stacked-on-mobile\" style=\"grid-template-columns:auto 30%\"><div class=\"wp-block-media-text__content\">\n<h2 class=\"wp-block-heading has-text-align-center has-x-large-font-size\">Alcin\u00e9ia Concei\u00e7\u00e3o Oliveira<\/h2>\n\n\n\n<p class=\"has-text-align-right\"><strong>N\u00facleo Carna\u00faba | UFC-CE<\/strong><\/p>\n\n\n\n<p class=\"has-text-align-right\">M\u00e3e e provedora de dois idosos, professora da UFC, possui<br>Gradua\u00e7\u00e3o, Mestrado e Doutorado em Qu\u00edmica pela UFBA e P\u00f3s doutorado em Engenharia de Processos Qu\u00edmicos e Microbiol\u00f3gicos pela Northwestern University &#8211; Estados Unidos. Atualmente \u00e9 professora da Universidade Federal do Cear\u00e1 (UFC).<\/p>\n<\/div><figure class=\"wp-block-media-text__media\"><img loading=\"lazy\" decoding=\"async\" width=\"1024\" height=\"971\" src=\"https:\/\/redemulheresnano.ufn.edu.br\/wp-content\/uploads\/2025\/06\/alcineia-1-1024x971.jpg\" alt=\"\" class=\"wp-image-1165 size-full\" srcset=\"https:\/\/redemulheresnano.ufn.edu.br\/wp-content\/uploads\/2025\/06\/alcineia-1-1024x971.jpg 1024w, https:\/\/redemulheresnano.ufn.edu.br\/wp-content\/uploads\/2025\/06\/alcineia-1-300x285.jpg 300w, https:\/\/redemulheresnano.ufn.edu.br\/wp-content\/uploads\/2025\/06\/alcineia-1-768x729.jpg 768w, https:\/\/redemulheresnano.ufn.edu.br\/wp-content\/uploads\/2025\/06\/alcineia-1-1536x1457.jpg 1536w, https:\/\/redemulheresnano.ufn.edu.br\/wp-content\/uploads\/2025\/06\/alcineia-1.jpg 1599w\" sizes=\"auto, (max-width: 1024px) 100vw, 1024px\" \/><\/figure><\/div>\n\n\n\n<div class=\"wp-block-media-text is-stacked-on-mobile\" style=\"grid-template-columns:30% auto\"><figure class=\"wp-block-media-text__media\"><img loading=\"lazy\" decoding=\"async\" width=\"990\" height=\"990\" src=\"https:\/\/redemulheresnano.ufn.edu.br\/wp-content\/uploads\/2025\/05\/rogelma-quadrado.png\" alt=\"\" class=\"wp-image-892 size-full\" srcset=\"https:\/\/redemulheresnano.ufn.edu.br\/wp-content\/uploads\/2025\/05\/rogelma-quadrado.png 990w, https:\/\/redemulheresnano.ufn.edu.br\/wp-content\/uploads\/2025\/05\/rogelma-quadrado-300x300.png 300w, https:\/\/redemulheresnano.ufn.edu.br\/wp-content\/uploads\/2025\/05\/rogelma-quadrado-150x150.png 150w, https:\/\/redemulheresnano.ufn.edu.br\/wp-content\/uploads\/2025\/05\/rogelma-quadrado-768x768.png 768w\" sizes=\"auto, (max-width: 990px) 100vw, 990px\" \/><\/figure><div class=\"wp-block-media-text__content\">\n<h2 class=\"wp-block-heading has-text-align-center has-x-large-font-size\">Rogelma Maria da Silva Ferreira<\/h2>\n\n\n\n<p><strong>N\u00facleo Umbu | UFRB-BA<\/strong><\/p>\n\n\n\n<p>Cuidadora de sua m\u00e3e idosa. Possui Gradua\u00e7\u00e3o, Mestrado e Doutorado em F\u00edsica pela UFC. Atualmente \u00e9 professora adjunta do Centro de Ci\u00eancias Exatas e Tecnol\u00f3gicas (CETEC) da Universidade Federal do Rec\u00f4ncavo da Bahia (UFRB).<\/p>\n<\/div><\/div>\n\n\n\n<div class=\"wp-block-media-text has-media-on-the-right is-stacked-on-mobile\" style=\"grid-template-columns:auto 30%\"><div class=\"wp-block-media-text__content\">\n<h2 class=\"wp-block-heading has-text-align-center has-x-large-font-size\">Marcela Mohallem Oliveira<\/h2>\n\n\n\n<p class=\"has-text-align-right\"><strong>N\u00facleo Arauc\u00e1ria | UTFPR-PR<\/strong><\/p>\n\n\n\n<p class=\"has-text-align-right\">M\u00e3e de uma filha. Possui Gradua\u00e7\u00e3o e Mestrado em Qu\u00edmica pela Unicamp e  Doutorado em Qu\u00edmica pela UFPR. Atualmente \u00e9 pesquisadora e professora no Departamento Acad\u00eamico de Qu\u00edmica e Biologia &#8211; DAQBi da Universidade Tecnol\u00f3gica Federal do Paran\u00e1 (UTFPR). <\/p>\n<\/div><figure class=\"wp-block-media-text__media\"><img loading=\"lazy\" decoding=\"async\" width=\"957\" height=\"1013\" src=\"https:\/\/redemulheresnano.ufn.edu.br\/wp-content\/uploads\/2025\/05\/marcela.png\" alt=\"\" class=\"wp-image-891 size-full\" srcset=\"https:\/\/redemulheresnano.ufn.edu.br\/wp-content\/uploads\/2025\/05\/marcela.png 957w, https:\/\/redemulheresnano.ufn.edu.br\/wp-content\/uploads\/2025\/05\/marcela-283x300.png 283w, https:\/\/redemulheresnano.ufn.edu.br\/wp-content\/uploads\/2025\/05\/marcela-768x813.png 768w\" sizes=\"auto, (max-width: 957px) 100vw, 957px\" \/><\/figure><\/div>\n\n\n\n<div class=\"wp-block-media-text is-stacked-on-mobile\" style=\"grid-template-columns:30% auto\"><figure class=\"wp-block-media-text__media\"><img loading=\"lazy\" decoding=\"async\" width=\"904\" height=\"1024\" src=\"https:\/\/redemulheresnano.ufn.edu.br\/wp-content\/uploads\/2025\/05\/eliana-904x1024.png\" alt=\"\" class=\"wp-image-890 size-full\" srcset=\"https:\/\/redemulheresnano.ufn.edu.br\/wp-content\/uploads\/2025\/05\/eliana-904x1024.png 904w, https:\/\/redemulheresnano.ufn.edu.br\/wp-content\/uploads\/2025\/05\/eliana-265x300.png 265w, https:\/\/redemulheresnano.ufn.edu.br\/wp-content\/uploads\/2025\/05\/eliana-768x870.png 768w, https:\/\/redemulheresnano.ufn.edu.br\/wp-content\/uploads\/2025\/05\/eliana.png 947w\" sizes=\"auto, (max-width: 904px) 100vw, 904px\" \/><\/figure><div class=\"wp-block-media-text__content\">\n<h2 class=\"wp-block-heading has-text-align-center has-x-large-font-size\">Eliana Martins Lima<\/h2>\n\n\n\n<p><strong>N\u00facleo Capim Dourado | UFG-GO<\/strong><\/p>\n\n\n\n<p>Possui Gradua\u00e7\u00e3o em Farm\u00e1cia e em Farm\u00e1cia Bioqu\u00edmica pela UFG, Mestrado e Doutorado em f\u00e1rmacos e medicamentos pela USP. Atualmente \u00e9 professora titular da Universidade Federal de Goi\u00e1s (UFG).<\/p>\n<\/div><\/div>\n","protected":false},"excerpt":{"rendered":"<p>Solange Binotto Fagan Coordenadora do Projeto N\u00facleo Ip\u00ea-Roxo | UFN &#8211; RS M\u00e3e [&hellip;]<\/p>\n","protected":false},"author":181,"featured_media":0,"parent":0,"menu_order":0,"comment_status":"closed","ping_status":"closed","template":"","meta":{"_price":"","_stock":"","_tribe_ticket_header":"","_tribe_default_ticket_provider":"","_tribe_ticket_capacity":"0","_ticket_start_date":"","_ticket_end_date":"","_tribe_ticket_show_description":"","_tribe_ticket_show_not_going":false,"_tribe_ticket_use_global_stock":"","_tribe_ticket_global_stock_level":"","_global_stock_mode":"","_global_stock_cap":"","_tribe_rsvp_for_event":"","_tribe_ticket_going_count":"","_tribe_ticket_not_going_count":"","_tribe_tickets_list":"[]","_tribe_ticket_has_attendee_info_fields":false,"footnotes":"","_tec_slr_enabled":"","_tec_slr_layout":""},"class_list":["post-23","page","type-page","status-publish","hentry"],"ticketed":false,"_links":{"self":[{"href":"https:\/\/redemulheresnano.ufn.edu.br\/index.php?rest_route=\/wp\/v2\/pages\/23","targetHints":{"allow":["GET"]}}],"collection":[{"href":"https:\/\/redemulheresnano.ufn.edu.br\/index.php?rest_route=\/wp\/v2\/pages"}],"about":[{"href":"https:\/\/redemulheresnano.ufn.edu.br\/index.php?rest_route=\/wp\/v2\/types\/page"}],"author":[{"embeddable":true,"href":"https:\/\/redemulheresnano.ufn.edu.br\/index.php?rest_route=\/wp\/v2\/users\/181"}],"replies":[{"embeddable":true,"href":"https:\/\/redemulheresnano.ufn.edu.br\/index.php?rest_route=%2Fwp%2Fv2%2Fcomments&post=23"}],"version-history":[{"count":4,"href":"https:\/\/redemulheresnano.ufn.edu.br\/index.php?rest_route=\/wp\/v2\/pages\/23\/revisions"}],"predecessor-version":[{"id":1166,"href":"https:\/\/redemulheresnano.ufn.edu.br\/index.php?rest_route=\/wp\/v2\/pages\/23\/revisions\/1166"}],"wp:attachment":[{"href":"https:\/\/redemulheresnano.ufn.edu.br\/index.php?rest_route=%2Fwp%2Fv2%2Fmedia&parent=23"}],"curies":[{"name":"wp","href":"https:\/\/api.w.org\/{rel}","templated":true}]}}