{"id":2389,"date":"2025-11-21T15:58:21","date_gmt":"2025-11-21T18:58:21","guid":{"rendered":"https:\/\/redemulheresnano.ufn.edu.br\/?page_id=2389"},"modified":"2025-11-21T16:46:18","modified_gmt":"2025-11-21T19:46:18","slug":"onano","status":"publish","type":"page","link":"https:\/\/redemulheresnano.ufn.edu.br\/?page_id=2389","title":{"rendered":"Onano"},"content":{"rendered":"\n<div class=\"wp-block-columns is-layout-flex wp-container-core-columns-is-layout-9d6595d7 wp-block-columns-is-layout-flex\">\n<div class=\"wp-block-column is-vertically-aligned-center is-layout-flow wp-block-column-is-layout-flow\">\n<p class=\"has-text-align-center has-medium-font-size\">A <strong>OLIMP\u00cdADA NACIONAL DE NANOTECNOLOGIA (ONANO)<\/strong> \u00e9 um evento in\u00e9dito no Brasil, dedicado a promover o conhecimento, popularizar e divulgar o fascinante campo da\u00a0<strong>nanoci\u00eancia e os avan\u00e7os da nanotecnologia.<\/strong><\/p>\n\n\n\n<p class=\"has-text-align-center has-medium-font-size\">Ela \u00e9 gratuita e voltada para estudantes do ensino fundamental, m\u00e9dio e t\u00e9cnico de escolas p\u00fablicas e privadas e t\u00eam como miss\u00e3o despertar a curiosidade cient\u00edfica e tecnol\u00f3gica e estimular o interesse dos jovens pela Ci\u00eancia, Tecnologia, Engenharia e Matem\u00e1tica (STEM).<\/p>\n<\/div>\n\n\n\n<div class=\"wp-block-column is-layout-flow wp-block-column-is-layout-flow\">\n<figure class=\"wp-block-image size-full\"><img loading=\"lazy\" decoding=\"async\" width=\"428\" height=\"342\" src=\"https:\/\/redemulheresnano.ufn.edu.br\/wp-content\/uploads\/2025\/11\/onano-1.png\" alt=\"\" class=\"wp-image-2396\"\/><\/figure>\n<\/div>\n<\/div>\n\n\n\n<p><\/p>\n\n\n\n<h3 class=\"wp-block-heading has-text-align-center\">Bolsistas da Rede Nacional de Mulheres na Nanoci\u00eancia medalhistas na Onano &#8211; 2025<\/h3>\n\n\n\n<div class=\"wp-block-columns is-layout-flex wp-container-core-columns-is-layout-9d6595d7 wp-block-columns-is-layout-flex\">\n<div class=\"wp-block-column is-layout-flow wp-block-column-is-layout-flow\">\n<h3 class=\"wp-block-heading has-text-align-center\">Honra ao M\u00e9rito<\/h3>\n\n\n\n<p class=\"has-text-align-center has-medium-font-size\">Maisa Ribeiro Gularte  <\/p>\n\n\n\n<p class=\"has-text-align-center has-medium-font-size\"> N\u00facleo Ip\u00ea-Roxo<\/p>\n\n\n\n<figure class=\"wp-block-image size-full\"><img loading=\"lazy\" decoding=\"async\" width=\"1500\" height=\"1000\" src=\"https:\/\/redemulheresnano.ufn.edu.br\/wp-content\/uploads\/2025\/11\/medalhista-maisa.jpeg\" alt=\"\" class=\"wp-image-2415\"\/><\/figure>\n<\/div>\n\n\n\n<div class=\"wp-block-column is-layout-flow wp-block-column-is-layout-flow\">\n<h3 class=\"wp-block-heading has-text-align-center\">Medalha de Ouro<\/h3>\n\n\n\n<p class=\"has-text-align-center has-medium-font-size\">Maria Eduarda Bortoluzzi Walau <\/p>\n\n\n\n<p class=\"has-text-align-center has-medium-font-size\"> N\u00facleo Ip\u00ea-Roxo<\/p>\n\n\n\n<figure class=\"wp-block-image size-full\"><img loading=\"lazy\" decoding=\"async\" width=\"1500\" height=\"1000\" src=\"https:\/\/redemulheresnano.ufn.edu.br\/wp-content\/uploads\/2025\/11\/maria-eduarda-ipe.jpeg\" alt=\"\" class=\"wp-image-2418\"\/><\/figure>\n<\/div>\n<\/div>\n\n\n\n<div class=\"wp-block-columns is-layout-flex wp-container-core-columns-is-layout-9d6595d7 wp-block-columns-is-layout-flex\">\n<div class=\"wp-block-column is-layout-flow wp-block-column-is-layout-flow\">\n<h3 class=\"wp-block-heading has-text-align-center\">Medalha de Prata<\/h3>\n\n\n\n<p class=\"has-text-align-center has-medium-font-size\">Maria Eduarda Concei\u00e7\u00e3o Ribeiro Souza <\/p>\n\n\n\n<p class=\"has-text-align-center has-medium-font-size\"> N\u00facleo Capim Dourado<\/p>\n\n\n\n<figure class=\"wp-block-image size-full\"><img loading=\"lazy\" decoding=\"async\" width=\"805\" height=\"1015\" src=\"https:\/\/redemulheresnano.ufn.edu.br\/wp-content\/uploads\/2025\/11\/maria-eduarda-capim.jpeg\" alt=\"\" class=\"wp-image-2423\" srcset=\"https:\/\/redemulheresnano.ufn.edu.br\/wp-content\/uploads\/2025\/11\/maria-eduarda-capim.jpeg 805w, https:\/\/redemulheresnano.ufn.edu.br\/wp-content\/uploads\/2025\/11\/maria-eduarda-capim-238x300.jpeg 238w, https:\/\/redemulheresnano.ufn.edu.br\/wp-content\/uploads\/2025\/11\/maria-eduarda-capim-768x968.jpeg 768w\" sizes=\"auto, (max-width: 805px) 100vw, 805px\" \/><\/figure>\n<\/div>\n\n\n\n<div class=\"wp-block-column is-layout-flow wp-block-column-is-layout-flow\">\n<h3 class=\"wp-block-heading has-text-align-center\">Medalha de Bronze<\/h3>\n\n\n\n<p class=\"has-text-align-center has-medium-font-size\">Helena Savio Gil <\/p>\n\n\n\n<p class=\"has-text-align-center has-medium-font-size\"> N\u00facleo Ip\u00ea-Roxo<\/p>\n\n\n\n<figure class=\"wp-block-image size-full\"><img loading=\"lazy\" decoding=\"async\" width=\"1200\" height=\"1475\" src=\"https:\/\/redemulheresnano.ufn.edu.br\/wp-content\/uploads\/2025\/11\/5.jpg\" alt=\"\" class=\"wp-image-2428\"\/><\/figure>\n<\/div>\n<\/div>\n","protected":false},"excerpt":{"rendered":"<p>A OLIMP\u00cdADA NACIONAL DE NANOTECNOLOGIA (ONANO) \u00e9 um evento in\u00e9dito no Brasil, dedicado [&hellip;]<\/p>\n","protected":false},"author":182,"featured_media":0,"parent":0,"menu_order":0,"comment_status":"closed","ping_status":"closed","template":"","meta":{"_price":"","_stock":"","_tribe_ticket_header":"","_tribe_default_ticket_provider":"","_tribe_ticket_capacity":"0","_ticket_start_date":"","_ticket_end_date":"","_tribe_ticket_show_description":"","_tribe_ticket_show_not_going":false,"_tribe_ticket_use_global_stock":"","_tribe_ticket_global_stock_level":"","_global_stock_mode":"","_global_stock_cap":"","_tribe_rsvp_for_event":"","_tribe_ticket_going_count":"","_tribe_ticket_not_going_count":"","_tribe_tickets_list":"[]","_tribe_ticket_has_attendee_info_fields":false,"footnotes":"","_tec_slr_enabled":"","_tec_slr_layout":""},"class_list":["post-2389","page","type-page","status-publish","hentry"],"ticketed":false,"_links":{"self":[{"href":"https:\/\/redemulheresnano.ufn.edu.br\/index.php?rest_route=\/wp\/v2\/pages\/2389","targetHints":{"allow":["GET"]}}],"collection":[{"href":"https:\/\/redemulheresnano.ufn.edu.br\/index.php?rest_route=\/wp\/v2\/pages"}],"about":[{"href":"https:\/\/redemulheresnano.ufn.edu.br\/index.php?rest_route=\/wp\/v2\/types\/page"}],"author":[{"embeddable":true,"href":"https:\/\/redemulheresnano.ufn.edu.br\/index.php?rest_route=\/wp\/v2\/users\/182"}],"replies":[{"embeddable":true,"href":"https:\/\/redemulheresnano.ufn.edu.br\/index.php?rest_route=%2Fwp%2Fv2%2Fcomments&post=2389"}],"version-history":[{"count":24,"href":"https:\/\/redemulheresnano.ufn.edu.br\/index.php?rest_route=\/wp\/v2\/pages\/2389\/revisions"}],"predecessor-version":[{"id":2434,"href":"https:\/\/redemulheresnano.ufn.edu.br\/index.php?rest_route=\/wp\/v2\/pages\/2389\/revisions\/2434"}],"wp:attachment":[{"href":"https:\/\/redemulheresnano.ufn.edu.br\/index.php?rest_route=%2Fwp%2Fv2%2Fmedia&parent=2389"}],"curies":[{"name":"wp","href":"https:\/\/api.w.org\/{rel}","templated":true}]}}