{"id":27,"date":"2025-05-07T20:06:35","date_gmt":"2025-05-07T20:06:35","guid":{"rendered":"http:\/\/mulheres-na-nano-2505.local\/?page_id=27"},"modified":"2025-05-29T16:45:10","modified_gmt":"2025-05-29T19:45:10","slug":"instituicoes-e-empresas","status":"publish","type":"page","link":"https:\/\/redemulheresnano.ufn.edu.br\/?page_id=27","title":{"rendered":"Institui\u00e7\u00f5es e Empresas"},"content":{"rendered":"\n<p class=\"has-medium-font-size\">Fazem parte do projeto <strong>Rede Nacional de Mulheres na Nanoci\u00eancia<\/strong> 21 institui\u00e7\u00f5es de ensino superior, 4 empresas e 20 escolas de ensino b\u00e1sico, todas representadas nas imagens abaixo.<\/p>\n\n\n<div class=\"wp-block-image\">\n<figure class=\"aligncenter size-large\"><img loading=\"lazy\" decoding=\"async\" width=\"1024\" height=\"611\" src=\"https:\/\/redemulheresnano.ufn.edu.br\/wp-content\/uploads\/2025\/05\/novo-mapa-rede-mulheres-regiaoUFunidadeIF_Prancheta-1-scaled-1-1024x611.jpg\" alt=\"\" class=\"wp-image-827\" srcset=\"https:\/\/redemulheresnano.ufn.edu.br\/wp-content\/uploads\/2025\/05\/novo-mapa-rede-mulheres-regiaoUFunidadeIF_Prancheta-1-scaled-1-1024x611.jpg 1024w, https:\/\/redemulheresnano.ufn.edu.br\/wp-content\/uploads\/2025\/05\/novo-mapa-rede-mulheres-regiaoUFunidadeIF_Prancheta-1-scaled-1-300x179.jpg 300w, https:\/\/redemulheresnano.ufn.edu.br\/wp-content\/uploads\/2025\/05\/novo-mapa-rede-mulheres-regiaoUFunidadeIF_Prancheta-1-scaled-1-768x458.jpg 768w, https:\/\/redemulheresnano.ufn.edu.br\/wp-content\/uploads\/2025\/05\/novo-mapa-rede-mulheres-regiaoUFunidadeIF_Prancheta-1-scaled-1-1536x916.jpg 1536w, https:\/\/redemulheresnano.ufn.edu.br\/wp-content\/uploads\/2025\/05\/novo-mapa-rede-mulheres-regiaoUFunidadeIF_Prancheta-1-scaled-1-2048x1222.jpg 2048w\" sizes=\"auto, (max-width: 1024px) 100vw, 1024px\" \/><\/figure>\n<\/div>\n\n\n<p><\/p>\n\n\n\n<h2 class=\"wp-block-heading\"><\/h2>\n\n\n<div class=\"wp-block-image\">\n<figure class=\"aligncenter size-large\"><img loading=\"lazy\" decoding=\"async\" width=\"1024\" height=\"611\" src=\"https:\/\/redemulheresnano.ufn.edu.br\/wp-content\/uploads\/2025\/05\/Imagem6-1024x611.png\" alt=\"\" class=\"wp-image-826\" srcset=\"https:\/\/redemulheresnano.ufn.edu.br\/wp-content\/uploads\/2025\/05\/Imagem6-1024x611.png 1024w, https:\/\/redemulheresnano.ufn.edu.br\/wp-content\/uploads\/2025\/05\/Imagem6-300x179.png 300w, https:\/\/redemulheresnano.ufn.edu.br\/wp-content\/uploads\/2025\/05\/Imagem6-768x458.png 768w, https:\/\/redemulheresnano.ufn.edu.br\/wp-content\/uploads\/2025\/05\/Imagem6-1536x917.png 1536w, https:\/\/redemulheresnano.ufn.edu.br\/wp-content\/uploads\/2025\/05\/Imagem6.png 2048w\" sizes=\"auto, (max-width: 1024px) 100vw, 1024px\" \/><\/figure>\n<\/div>\n\n\n<p><\/p>\n\n\n\n<p class=\"has-medium-font-size\">Nas imagens o mapa do Brasil est\u00e1 dividido em cinco regi\u00f5es, cada uma destacada por uma cor distinta. As institui\u00e7\u00f5es e escolas est\u00e3o identificadas com a cor correspondente \u00e0 sua regi\u00e3o de origem, al\u00e9m disso, foram utilizados c\u00edrculos proporcionais para indicar o n\u00famero de participantes em cada regi\u00e3o, evidenciando a distribui\u00e7\u00e3o e o n\u00edvel de engajamento regional.<\/p>\n\n\n\n<p class=\"has-medium-font-size\">As imagens tamb\u00e9m refor\u00e7am o esfor\u00e7o conjunto e de abrang\u00eancia nacional para promover a inclus\u00e3o de meninas e mulheres na Nanoci\u00eancia e nas \u00e1reas STEM (Ci\u00eancia, Tecnologia, Engenharia e Matem\u00e1tica). A articula\u00e7\u00e3o entre universidades, institutos, empresas e escolas demonstra o car\u00e1ter colaborativo e descentralizado da Rede, o que \u00e9 essencial para ampliar o alcance e o impacto das a\u00e7\u00f5es em diferentes regi\u00f5es do pa\u00eds, fortalecendo uma ci\u00eancia mais equitativa, diversa e inovadora<\/p>\n","protected":false},"excerpt":{"rendered":"<p>Fazem parte do projeto Rede Nacional de Mulheres na Nanoci\u00eancia 21 institui\u00e7\u00f5es de [&hellip;]<\/p>\n","protected":false},"author":181,"featured_media":0,"parent":0,"menu_order":0,"comment_status":"closed","ping_status":"closed","template":"","meta":{"_price":"","_stock":"","_tribe_ticket_header":"","_tribe_default_ticket_provider":"","_tribe_ticket_capacity":"0","_ticket_start_date":"","_ticket_end_date":"","_tribe_ticket_show_description":"","_tribe_ticket_show_not_going":false,"_tribe_ticket_use_global_stock":"","_tribe_ticket_global_stock_level":"","_global_stock_mode":"","_global_stock_cap":"","_tribe_rsvp_for_event":"","_tribe_ticket_going_count":"","_tribe_ticket_not_going_count":"","_tribe_tickets_list":"[]","_tribe_ticket_has_attendee_info_fields":false,"footnotes":"","_tec_slr_enabled":"","_tec_slr_layout":""},"class_list":["post-27","page","type-page","status-publish","hentry"],"ticketed":false,"_links":{"self":[{"href":"https:\/\/redemulheresnano.ufn.edu.br\/index.php?rest_route=\/wp\/v2\/pages\/27","targetHints":{"allow":["GET"]}}],"collection":[{"href":"https:\/\/redemulheresnano.ufn.edu.br\/index.php?rest_route=\/wp\/v2\/pages"}],"about":[{"href":"https:\/\/redemulheresnano.ufn.edu.br\/index.php?rest_route=\/wp\/v2\/types\/page"}],"author":[{"embeddable":true,"href":"https:\/\/redemulheresnano.ufn.edu.br\/index.php?rest_route=\/wp\/v2\/users\/181"}],"replies":[{"embeddable":true,"href":"https:\/\/redemulheresnano.ufn.edu.br\/index.php?rest_route=%2Fwp%2Fv2%2Fcomments&post=27"}],"version-history":[{"count":1,"href":"https:\/\/redemulheresnano.ufn.edu.br\/index.php?rest_route=\/wp\/v2\/pages\/27\/revisions"}],"predecessor-version":[{"id":951,"href":"https:\/\/redemulheresnano.ufn.edu.br\/index.php?rest_route=\/wp\/v2\/pages\/27\/revisions\/951"}],"wp:attachment":[{"href":"https:\/\/redemulheresnano.ufn.edu.br\/index.php?rest_route=%2Fwp%2Fv2%2Fmedia&parent=27"}],"curies":[{"name":"wp","href":"https:\/\/api.w.org\/{rel}","templated":true}]}}