{"id":47,"date":"2025-05-07T20:31:00","date_gmt":"2025-05-07T20:31:00","guid":{"rendered":"http:\/\/mulheres-na-nano-2505.local\/?page_id=47"},"modified":"2025-05-07T20:31:00","modified_gmt":"2025-05-07T20:31:00","slug":"objetivos","status":"publish","type":"page","link":"https:\/\/redemulheresnano.ufn.edu.br\/?page_id=47","title":{"rendered":"Objetivos"},"content":{"rendered":"\n<h2 class=\"wp-block-heading has-text-align-left\"><strong>Objetivo geral<\/strong><\/h2>\n\n\n\n<p class=\"has-medium-font-size\">Estabelecer uma rede nacional dedicada a promover a inser\u00e7\u00e3o e participa\u00e7\u00e3o de meninas, professoras, pesquisadoras e empreendedoras na \u00e1rea de Nanoci\u00eancias e Nanotecnologia (N&amp;N), com o objetivo de capacitar e a formar uma nova gera\u00e7\u00e3o de cientistas e profissionais, especialmente nas \u00e1reas de Ci\u00eancias Exatas, Engenharias e Computa\u00e7\u00e3o. Esta iniciativa est\u00e1 ancorada e sustentada pela colabora\u00e7\u00e3o com centros de ensino, pesquisa e inova\u00e7\u00e3o de destaque acad\u00eamico e cient\u00edfico nas diferentes Regi\u00f5es do Brasil, visando a distribui\u00e7\u00e3o equitativa e o acesso a oportunidades educacionais e de pesquisa em todas as regi\u00f5es por meio da partir de a\u00e7\u00f5es in loco e mentorias de pesquisadoras renomadas na \u00e1rea de N&amp;N.<\/p>\n\n\n\n<h2 class=\"wp-block-heading has-text-align-left\"><strong>Objetivos Espec\u00edficos<\/strong><\/h2>\n\n\n\n<ul class=\"wp-block-list\">\n<li class=\"has-medium-font-size\"><strong>Reflex\u00e3o sobre o papel da ci\u00eancia e das N&amp;N<\/strong><br \/>Estimular a reflex\u00e3o sobre como a ci\u00eancia, especialmente Nanotecnologia e Nanoci\u00eancia (N&amp;N), contribui para um pa\u00eds mais justo, igualit\u00e1rio e pr\u00f3spero.<\/li>\n\n\n\n<li class=\"has-medium-font-size\"><strong>Incentivo \u00e0 participa\u00e7\u00e3o feminina nas ci\u00eancias<\/strong><br \/>Motivar meninas, independentemente de sua origem escolar ou socioecon\u00f4mica, a se envolverem com ci\u00eancia, tecnologia e inova\u00e7\u00e3o.<\/li>\n\n\n\n<li class=\"has-medium-font-size\"><strong>Desenvolvimento de compet\u00eancias<\/strong><br \/>Promover o desenvolvimento de habilidades com apoio de mentoria cient\u00edfica, empreendedora, letramento cient\u00edfico e digital.<\/li>\n\n\n\n<li class=\"has-medium-font-size\"><strong>Compartilhamento de a\u00e7\u00f5es institucionais<\/strong><br \/>Dar visibilidade e institucionalizar a\u00e7\u00f5es j\u00e1 existentes nas institui\u00e7\u00f5es, com impacto local, regional e nacional.<\/li>\n\n\n\n<li class=\"has-medium-font-size\"><strong>Inser\u00e7\u00e3o de bolsistas em projetos com mentoras<\/strong><br \/>Incluir bolsistas de todas as modalidades em projetos com mentoras das \u00e1reas de ci\u00eancia, inova\u00e7\u00e3o e empreendedorismo.<\/li>\n\n\n\n<li class=\"has-medium-font-size\"><strong>Envolvimento de professores e gestores<\/strong><br \/>Engajar professores e gestores escolares em a\u00e7\u00f5es que combatam desigualdades de g\u00eanero e ra\u00e7a, com foco na forma\u00e7\u00e3o de futuras cientistas e empreendedoras.<\/li>\n\n\n\n<li class=\"has-medium-font-size\"><strong>Dissemina\u00e7\u00e3o do conhecimento cient\u00edfico<\/strong><br \/>Democratizar o acesso ao conhecimento em STEM (Ci\u00eancia, Tecnologia, Engenharia e Matem\u00e1tica) na Educa\u00e7\u00e3o B\u00e1sica.<\/li>\n\n\n\n<li class=\"has-medium-font-size\"><strong>Participa\u00e7\u00e3o em eventos cient\u00edficos<\/strong><br \/>Contribuir com eventos nacionais como Semana de C&amp;T, Campus Party, Olimp\u00edadas Cient\u00edficas e eventos de sociedades cient\u00edficas.<\/li>\n\n\n\n<li class=\"has-medium-font-size\"><strong>Forma\u00e7\u00e3o continuada com foco em diversidade<\/strong><br \/>Fomentar a\u00e7\u00f5es de forma\u00e7\u00e3o e divulga\u00e7\u00e3o cient\u00edfica com \u00eanfase em diversidade, equidade, inclus\u00e3o e mulheres em N&amp;N.<\/li>\n\n\n\n<li class=\"has-medium-font-size\"><strong>Apoio a mulheres em carreiras cient\u00edficas<\/strong><br \/>Estimular a perman\u00eancia e protagonismo de mulheres nas \u00e1reas cient\u00edficas e tecnol\u00f3gicas, especialmente no ensino superior.<\/li>\n\n\n\n<li class=\"has-medium-font-size\"><strong>Difus\u00e3o de materiais did\u00e1ticos<\/strong><br \/>Ampliar o acesso \u00e0 ci\u00eancia com distribui\u00e7\u00e3o de materiais produzidos por pesquisadoras e bolsistas do projeto.<\/li>\n\n\n\n<li class=\"has-medium-font-size\"><strong>Atra\u00e7\u00e3o para carreiras STEM<\/strong><br \/>Despertar o interesse de estudantes do Ensino B\u00e1sico pelas \u00e1reas cient\u00edficas, promovendo futuras escolhas profissionais.<\/li>\n\n\n\n<li class=\"has-medium-font-size\"><strong>Promo\u00e7\u00e3o de eventos de troca de experi\u00eancias<\/strong><br \/>Realizar encontros cient\u00edficos para troca de viv\u00eancias entre as participantes do projeto.<\/li>\n\n\n\n<li class=\"has-medium-font-size\"><strong>Motiva\u00e7\u00e3o de meninas em vulnerabilidade<\/strong><br \/>Realizar palestras motivacionais e informativas sobre direitos e oportunidades para meninas em situa\u00e7\u00e3o de vulnerabilidade.<\/li>\n\n\n\n<li class=\"has-medium-font-size\"><strong>Populariza\u00e7\u00e3o da ci\u00eancia contextualizada<\/strong><br \/>Tornar conceitos cient\u00edficos acess\u00edveis, mostrando sua relev\u00e2ncia no cotidiano social, hist\u00f3rico e cultural.<\/li>\n\n\n\n<li class=\"has-medium-font-size\"><strong>Desconstru\u00e7\u00e3o de estere\u00f3tipos<\/strong><br \/>Superar barreiras sociais e culturais, combatendo estere\u00f3tipos socioecon\u00f4micos.<\/li>\n\n\n\n<li class=\"has-medium-font-size\"><strong>Melhoria da percep\u00e7\u00e3o p\u00fablica da ci\u00eancia<\/strong><br \/>Aumentar o entendimento p\u00fablico sobre a ci\u00eancia e tecnologia, seus limites e potencialidades.<\/li>\n<\/ul>\n","protected":false},"excerpt":{"rendered":"<p>Objetivo geral Estabelecer uma rede nacional dedicada a promover a inser\u00e7\u00e3o e participa\u00e7\u00e3o [&hellip;]<\/p>\n","protected":false},"author":181,"featured_media":0,"parent":0,"menu_order":0,"comment_status":"closed","ping_status":"closed","template":"","meta":{"_price":"","_stock":"","_tribe_ticket_header":"","_tribe_default_ticket_provider":"","_tribe_ticket_capacity":"0","_ticket_start_date":"","_ticket_end_date":"","_tribe_ticket_show_description":"","_tribe_ticket_show_not_going":false,"_tribe_ticket_use_global_stock":"","_tribe_ticket_global_stock_level":"","_global_stock_mode":"","_global_stock_cap":"","_tribe_rsvp_for_event":"","_tribe_ticket_going_count":"","_tribe_ticket_not_going_count":"","_tribe_tickets_list":"[]","_tribe_ticket_has_attendee_info_fields":false,"footnotes":"","_tec_slr_enabled":"","_tec_slr_layout":""},"class_list":["post-47","page","type-page","status-publish","hentry"],"ticketed":false,"_links":{"self":[{"href":"https:\/\/redemulheresnano.ufn.edu.br\/index.php?rest_route=\/wp\/v2\/pages\/47","targetHints":{"allow":["GET"]}}],"collection":[{"href":"https:\/\/redemulheresnano.ufn.edu.br\/index.php?rest_route=\/wp\/v2\/pages"}],"about":[{"href":"https:\/\/redemulheresnano.ufn.edu.br\/index.php?rest_route=\/wp\/v2\/types\/page"}],"author":[{"embeddable":true,"href":"https:\/\/redemulheresnano.ufn.edu.br\/index.php?rest_route=\/wp\/v2\/users\/181"}],"replies":[{"embeddable":true,"href":"https:\/\/redemulheresnano.ufn.edu.br\/index.php?rest_route=%2Fwp%2Fv2%2Fcomments&post=47"}],"version-history":[{"count":0,"href":"https:\/\/redemulheresnano.ufn.edu.br\/index.php?rest_route=\/wp\/v2\/pages\/47\/revisions"}],"wp:attachment":[{"href":"https:\/\/redemulheresnano.ufn.edu.br\/index.php?rest_route=%2Fwp%2Fv2%2Fmedia&parent=47"}],"curies":[{"name":"wp","href":"https:\/\/api.w.org\/{rel}","templated":true}]}}