{"id":79,"date":"2025-05-08T14:58:50","date_gmt":"2025-05-08T14:58:50","guid":{"rendered":"http:\/\/mulheres-na-nano-2505.local\/?page_id=79"},"modified":"2025-05-30T22:02:10","modified_gmt":"2025-05-31T01:02:10","slug":"universidades","status":"publish","type":"page","link":"https:\/\/redemulheresnano.ufn.edu.br\/?page_id=79","title":{"rendered":"Universidades"},"content":{"rendered":"\n<p class=\"has-medium-font-size\">A <strong>Rede Nacional de Mulheres na Nanoci\u00eancia<\/strong> conta com a participa\u00e7\u00e3o de <strong>21 institui\u00e7\u00f5es de ensino superior<\/strong>, distribu\u00eddas entre os diferentes n\u00facleos que comp\u00f5em o projeto. A seguir, apresentam-se essas institui\u00e7\u00f5es, devidamente organizadas por n\u00facleo, acompanhadas de informa\u00e7\u00f5es relevantes, tais como <strong>denomina\u00e7\u00e3o<\/strong>, <strong>natureza institucional<\/strong>, <strong>fun\u00e7\u00e3o desempenhada no projeto<\/strong>, <strong>localiza\u00e7\u00e3o geogr\u00e1fica<\/strong> e os respectivos <strong>cursos envolvidos<\/strong> na iniciativa.<\/p>\n\n\n\n<div class=\"wp-block-media-text has-media-on-the-right is-stacked-on-mobile\" style=\"grid-template-columns:auto 15%\"><div class=\"wp-block-media-text__content\">\n<h2 class=\"wp-block-heading has-text-align-center\">N\u00facleo IP\u00ca &#8211; ROXO<\/h2>\n<\/div><figure class=\"wp-block-media-text__media\"><img loading=\"lazy\" decoding=\"async\" width=\"995\" height=\"1024\" src=\"https:\/\/redemulheresnano.ufn.edu.br\/wp-content\/uploads\/2025\/05\/Logos_nucleos-01-scaled-1-995x1024.png\" alt=\"\" class=\"wp-image-908 size-full\" srcset=\"https:\/\/redemulheresnano.ufn.edu.br\/wp-content\/uploads\/2025\/05\/Logos_nucleos-01-scaled-1-995x1024.png 995w, https:\/\/redemulheresnano.ufn.edu.br\/wp-content\/uploads\/2025\/05\/Logos_nucleos-01-scaled-1-291x300.png 291w, https:\/\/redemulheresnano.ufn.edu.br\/wp-content\/uploads\/2025\/05\/Logos_nucleos-01-scaled-1-768x791.png 768w, https:\/\/redemulheresnano.ufn.edu.br\/wp-content\/uploads\/2025\/05\/Logos_nucleos-01-scaled-1-1492x1536.png 1492w, https:\/\/redemulheresnano.ufn.edu.br\/wp-content\/uploads\/2025\/05\/Logos_nucleos-01-scaled-1-1990x2048.png 1990w\" sizes=\"auto, (max-width: 995px) 100vw, 995px\" \/><\/figure><\/div>\n\n\n<div id=\"footable_parent_1066\"\n         class=\" footable_parent ninja_table_wrapper loading_ninja_table wp_table_data_press_parent semantic_ui \">\n                <table data-ninja_table_instance=\"ninja_table_instance_0\" data-footable_id=\"1066\" data-filter-delay=\"1000\" aria-label=\"universidadeIpe\"            id=\"footable_1066\"\n           data-unique_identifier=\"ninja_table_unique_id_806650223_1066\"\n           class=\" foo-table ninja_footable foo_table_1066 ninja_table_unique_id_806650223_1066 ui table  nt_type_ajax_table single line selectable celled striped compact vertical_centered  footable-paging-right\">\n                <colgroup>\n                            <col class=\"ninja_column_0 \">\n                            <col class=\"ninja_column_1 \">\n                            <col class=\"ninja_column_2 \">\n                            <col class=\"ninja_column_3 \">\n                    <\/colgroup>\n            <\/table>\n    \n    \n    \n<\/div>\n\n\n\n\n<div class=\"wp-block-media-text has-media-on-the-right is-stacked-on-mobile\" style=\"grid-template-columns:auto 15%\"><div class=\"wp-block-media-text__content\">\n<h2 class=\"wp-block-heading has-text-align-center\">N\u00facleo ARAUC\u00c1RIA<\/h2>\n<\/div><figure class=\"wp-block-media-text__media\"><img loading=\"lazy\" decoding=\"async\" width=\"995\" height=\"1024\" src=\"https:\/\/redemulheresnano.ufn.edu.br\/wp-content\/uploads\/2025\/05\/Logos_nucleos-06-scaled-1-995x1024.png\" alt=\"\" class=\"wp-image-913 size-full\" srcset=\"https:\/\/redemulheresnano.ufn.edu.br\/wp-content\/uploads\/2025\/05\/Logos_nucleos-06-scaled-1-995x1024.png 995w, https:\/\/redemulheresnano.ufn.edu.br\/wp-content\/uploads\/2025\/05\/Logos_nucleos-06-scaled-1-292x300.png 292w, https:\/\/redemulheresnano.ufn.edu.br\/wp-content\/uploads\/2025\/05\/Logos_nucleos-06-scaled-1-768x790.png 768w, https:\/\/redemulheresnano.ufn.edu.br\/wp-content\/uploads\/2025\/05\/Logos_nucleos-06-scaled-1-1493x1536.png 1493w, https:\/\/redemulheresnano.ufn.edu.br\/wp-content\/uploads\/2025\/05\/Logos_nucleos-06-scaled-1-1990x2048.png 1990w\" sizes=\"auto, (max-width: 995px) 100vw, 995px\" \/><\/figure><\/div>\n\n\n<div id=\"footable_parent_1069\"\n         class=\" footable_parent ninja_table_wrapper loading_ninja_table wp_table_data_press_parent semantic_ui \">\n                <table data-ninja_table_instance=\"ninja_table_instance_1\" data-footable_id=\"1069\" data-filter-delay=\"1000\" aria-label=\"universidadeAraucaria\"            id=\"footable_1069\"\n           data-unique_identifier=\"ninja_table_unique_id_1720377683_1069\"\n           class=\" foo-table ninja_footable foo_table_1069 ninja_table_unique_id_1720377683_1069 ui table  nt_type_ajax_table single line selectable celled striped compact vertical_centered  footable-paging-right\">\n                <colgroup>\n                            <col class=\"ninja_column_0 \">\n                            <col class=\"ninja_column_1 \">\n                            <col class=\"ninja_column_2 \">\n                            <col class=\"ninja_column_3 \">\n                    <\/colgroup>\n            <\/table>\n    \n    \n    \n<\/div>\n\n\n\n\n<div class=\"wp-block-media-text has-media-on-the-right is-stacked-on-mobile\" style=\"grid-template-columns:auto 15%\"><div class=\"wp-block-media-text__content\">\n<h2 class=\"wp-block-heading has-text-align-center\">N\u00facleo CAPIM DOURADO<\/h2>\n<\/div><figure class=\"wp-block-media-text__media\"><img loading=\"lazy\" decoding=\"async\" width=\"995\" height=\"1024\" src=\"https:\/\/redemulheresnano.ufn.edu.br\/wp-content\/uploads\/2025\/05\/Logos_nucleos-04-1-scaled-1-995x1024.png\" alt=\"\" class=\"wp-image-831 size-full\" srcset=\"https:\/\/redemulheresnano.ufn.edu.br\/wp-content\/uploads\/2025\/05\/Logos_nucleos-04-1-scaled-1-995x1024.png 995w, https:\/\/redemulheresnano.ufn.edu.br\/wp-content\/uploads\/2025\/05\/Logos_nucleos-04-1-scaled-1-292x300.png 292w, https:\/\/redemulheresnano.ufn.edu.br\/wp-content\/uploads\/2025\/05\/Logos_nucleos-04-1-scaled-1-768x790.png 768w, https:\/\/redemulheresnano.ufn.edu.br\/wp-content\/uploads\/2025\/05\/Logos_nucleos-04-1-scaled-1-1493x1536.png 1493w, https:\/\/redemulheresnano.ufn.edu.br\/wp-content\/uploads\/2025\/05\/Logos_nucleos-04-1-scaled-1-1990x2048.png 1990w\" sizes=\"auto, (max-width: 995px) 100vw, 995px\" \/><\/figure><\/div>\n\n\n<div id=\"footable_parent_1075\"\n         class=\" footable_parent ninja_table_wrapper loading_ninja_table wp_table_data_press_parent semantic_ui \">\n                <table data-ninja_table_instance=\"ninja_table_instance_2\" data-footable_id=\"1075\" data-filter-delay=\"1000\" aria-label=\"universidadeCapim\"            id=\"footable_1075\"\n           data-unique_identifier=\"ninja_table_unique_id_528740907_1075\"\n           class=\" foo-table ninja_footable foo_table_1075 ninja_table_unique_id_528740907_1075 ui table  nt_type_ajax_table single line selectable celled striped compact vertical_centered  footable-paging-right\">\n                <colgroup>\n                            <col class=\"ninja_column_0 \">\n                            <col class=\"ninja_column_1 \">\n                            <col class=\"ninja_column_2 \">\n                            <col class=\"ninja_column_3 \">\n                    <\/colgroup>\n            <\/table>\n    \n    \n    \n<\/div>\n\n\n\n\n<div class=\"wp-block-media-text has-media-on-the-right is-stacked-on-mobile\" style=\"grid-template-columns:auto 15%\"><div class=\"wp-block-media-text__content\">\n<h2 class=\"wp-block-heading has-text-align-center\">N\u00facleo UMBU<\/h2>\n<\/div><figure class=\"wp-block-media-text__media\"><img loading=\"lazy\" decoding=\"async\" width=\"995\" height=\"1024\" src=\"https:\/\/redemulheresnano.ufn.edu.br\/wp-content\/uploads\/2025\/05\/Logos_nucleos-03-scaled-1-995x1024.png\" alt=\"\" class=\"wp-image-910 size-full\" srcset=\"https:\/\/redemulheresnano.ufn.edu.br\/wp-content\/uploads\/2025\/05\/Logos_nucleos-03-scaled-1-995x1024.png 995w, https:\/\/redemulheresnano.ufn.edu.br\/wp-content\/uploads\/2025\/05\/Logos_nucleos-03-scaled-1-291x300.png 291w, https:\/\/redemulheresnano.ufn.edu.br\/wp-content\/uploads\/2025\/05\/Logos_nucleos-03-scaled-1-768x791.png 768w, https:\/\/redemulheresnano.ufn.edu.br\/wp-content\/uploads\/2025\/05\/Logos_nucleos-03-scaled-1-1492x1536.png 1492w, https:\/\/redemulheresnano.ufn.edu.br\/wp-content\/uploads\/2025\/05\/Logos_nucleos-03-scaled-1-1990x2048.png 1990w\" sizes=\"auto, (max-width: 995px) 100vw, 995px\" \/><\/figure><\/div>\n\n\n<div id=\"footable_parent_1078\"\n         class=\" footable_parent ninja_table_wrapper loading_ninja_table wp_table_data_press_parent semantic_ui \">\n                <table data-ninja_table_instance=\"ninja_table_instance_3\" data-footable_id=\"1078\" data-filter-delay=\"1000\" aria-label=\"universidadeUmbu\"            id=\"footable_1078\"\n           data-unique_identifier=\"ninja_table_unique_id_1679941862_1078\"\n           class=\" foo-table ninja_footable foo_table_1078 ninja_table_unique_id_1679941862_1078 ui table  nt_type_ajax_table single line selectable celled striped compact vertical_centered  footable-paging-right\">\n                <colgroup>\n                            <col class=\"ninja_column_0 \">\n                            <col class=\"ninja_column_1 \">\n                            <col class=\"ninja_column_2 \">\n                            <col class=\"ninja_column_3 \">\n                    <\/colgroup>\n            <\/table>\n    \n    \n    \n<\/div>\n\n\n\n\n<div class=\"wp-block-media-text has-media-on-the-right is-stacked-on-mobile\" style=\"grid-template-columns:auto 15%\"><div class=\"wp-block-media-text__content\">\n<h2 class=\"wp-block-heading has-text-align-center\">N\u00facleo CARNAUB\u00c1<\/h2>\n<\/div><figure class=\"wp-block-media-text__media\"><img loading=\"lazy\" decoding=\"async\" width=\"995\" height=\"1024\" src=\"https:\/\/redemulheresnano.ufn.edu.br\/wp-content\/uploads\/2025\/05\/Logos_nucleos-05-scaled-1-995x1024.png\" alt=\"\" class=\"wp-image-912 size-full\" srcset=\"https:\/\/redemulheresnano.ufn.edu.br\/wp-content\/uploads\/2025\/05\/Logos_nucleos-05-scaled-1-995x1024.png 995w, https:\/\/redemulheresnano.ufn.edu.br\/wp-content\/uploads\/2025\/05\/Logos_nucleos-05-scaled-1-292x300.png 292w, https:\/\/redemulheresnano.ufn.edu.br\/wp-content\/uploads\/2025\/05\/Logos_nucleos-05-scaled-1-768x790.png 768w, https:\/\/redemulheresnano.ufn.edu.br\/wp-content\/uploads\/2025\/05\/Logos_nucleos-05-scaled-1-1493x1536.png 1493w, https:\/\/redemulheresnano.ufn.edu.br\/wp-content\/uploads\/2025\/05\/Logos_nucleos-05-scaled-1-1990x2048.png 1990w\" sizes=\"auto, (max-width: 995px) 100vw, 995px\" \/><\/figure><\/div>\n\n\n<div id=\"footable_parent_1082\"\n         class=\" footable_parent ninja_table_wrapper loading_ninja_table wp_table_data_press_parent semantic_ui \">\n                <table data-ninja_table_instance=\"ninja_table_instance_4\" data-footable_id=\"1082\" data-filter-delay=\"1000\" aria-label=\"universidadesCarnUB\"            id=\"footable_1082\"\n           data-unique_identifier=\"ninja_table_unique_id_1181051829_1082\"\n           class=\" foo-table ninja_footable foo_table_1082 ninja_table_unique_id_1181051829_1082 ui table  nt_type_ajax_table single line selectable celled striped compact vertical_centered  footable-paging-right\">\n                <colgroup>\n                            <col class=\"ninja_column_0 \">\n                            <col class=\"ninja_column_1 \">\n                            <col class=\"ninja_column_2 \">\n                            <col class=\"ninja_column_3 \">\n                    <\/colgroup>\n            <\/table>\n    \n    \n    \n<\/div>\n\n\n\n\n<div class=\"wp-block-media-text has-media-on-the-right is-stacked-on-mobile\" style=\"grid-template-columns:auto 15%\"><div class=\"wp-block-media-text__content\">\n<h2 class=\"wp-block-heading has-text-align-center\">N\u00facleo MANAC\u00c1-DA-SERRA<\/h2>\n<\/div><figure class=\"wp-block-media-text__media\"><img loading=\"lazy\" decoding=\"async\" width=\"995\" height=\"1024\" src=\"https:\/\/redemulheresnano.ufn.edu.br\/wp-content\/uploads\/2025\/05\/Logos_nucleos-02-scaled-1-995x1024.png\" alt=\"\" class=\"wp-image-909 size-full\" srcset=\"https:\/\/redemulheresnano.ufn.edu.br\/wp-content\/uploads\/2025\/05\/Logos_nucleos-02-scaled-1-995x1024.png 995w, https:\/\/redemulheresnano.ufn.edu.br\/wp-content\/uploads\/2025\/05\/Logos_nucleos-02-scaled-1-291x300.png 291w, https:\/\/redemulheresnano.ufn.edu.br\/wp-content\/uploads\/2025\/05\/Logos_nucleos-02-scaled-1-768x791.png 768w, https:\/\/redemulheresnano.ufn.edu.br\/wp-content\/uploads\/2025\/05\/Logos_nucleos-02-scaled-1-1492x1536.png 1492w, https:\/\/redemulheresnano.ufn.edu.br\/wp-content\/uploads\/2025\/05\/Logos_nucleos-02-scaled-1-1990x2048.png 1990w\" sizes=\"auto, (max-width: 995px) 100vw, 995px\" \/><\/figure><\/div>\n\n\n<div id=\"footable_parent_1084\"\n         class=\" footable_parent ninja_table_wrapper loading_ninja_table wp_table_data_press_parent semantic_ui \">\n                <table data-ninja_table_instance=\"ninja_table_instance_5\" data-footable_id=\"1084\" data-filter-delay=\"1000\" aria-label=\"universidadeManaca\"            id=\"footable_1084\"\n           data-unique_identifier=\"ninja_table_unique_id_947926282_1084\"\n           class=\" foo-table ninja_footable foo_table_1084 ninja_table_unique_id_947926282_1084 ui table  nt_type_ajax_table single line selectable celled striped compact vertical_centered  footable-paging-right\">\n                <colgroup>\n                            <col class=\"ninja_column_0 \">\n                            <col class=\"ninja_column_1 \">\n                            <col class=\"ninja_column_2 \">\n                            <col class=\"ninja_column_3 \">\n                    <\/colgroup>\n            <\/table>\n    \n    \n    \n<\/div>\n\n\n\n\n<p><\/p>\n","protected":false},"excerpt":{"rendered":"<p>A Rede Nacional de Mulheres na Nanoci\u00eancia conta com a participa\u00e7\u00e3o de 21 [&hellip;]<\/p>\n","protected":false},"author":181,"featured_media":0,"parent":0,"menu_order":0,"comment_status":"closed","ping_status":"closed","template":"","meta":{"_price":"","_stock":"","_tribe_ticket_header":"","_tribe_default_ticket_provider":"","_tribe_ticket_capacity":"0","_ticket_start_date":"","_ticket_end_date":"","_tribe_ticket_show_description":"","_tribe_ticket_show_not_going":false,"_tribe_ticket_use_global_stock":"","_tribe_ticket_global_stock_level":"","_global_stock_mode":"","_global_stock_cap":"","_tribe_rsvp_for_event":"","_tribe_ticket_going_count":"","_tribe_ticket_not_going_count":"","_tribe_tickets_list":"[]","_tribe_ticket_has_attendee_info_fields":false,"footnotes":"","_tec_slr_enabled":"","_tec_slr_layout":""},"class_list":["post-79","page","type-page","status-publish","hentry"],"ticketed":false,"_links":{"self":[{"href":"https:\/\/redemulheresnano.ufn.edu.br\/index.php?rest_route=\/wp\/v2\/pages\/79","targetHints":{"allow":["GET"]}}],"collection":[{"href":"https:\/\/redemulheresnano.ufn.edu.br\/index.php?rest_route=\/wp\/v2\/pages"}],"about":[{"href":"https:\/\/redemulheresnano.ufn.edu.br\/index.php?rest_route=\/wp\/v2\/types\/page"}],"author":[{"embeddable":true,"href":"https:\/\/redemulheresnano.ufn.edu.br\/index.php?rest_route=\/wp\/v2\/users\/181"}],"replies":[{"embeddable":true,"href":"https:\/\/redemulheresnano.ufn.edu.br\/index.php?rest_route=%2Fwp%2Fv2%2Fcomments&post=79"}],"version-history":[{"count":12,"href":"https:\/\/redemulheresnano.ufn.edu.br\/index.php?rest_route=\/wp\/v2\/pages\/79\/revisions"}],"predecessor-version":[{"id":1087,"href":"https:\/\/redemulheresnano.ufn.edu.br\/index.php?rest_route=\/wp\/v2\/pages\/79\/revisions\/1087"}],"wp:attachment":[{"href":"https:\/\/redemulheresnano.ufn.edu.br\/index.php?rest_route=%2Fwp%2Fv2%2Fmedia&parent=79"}],"curies":[{"name":"wp","href":"https:\/\/api.w.org\/{rel}","templated":true}]}}