{"id":83,"date":"2025-05-08T15:05:35","date_gmt":"2025-05-08T15:05:35","guid":{"rendered":"http:\/\/mulheres-na-nano-2505.local\/?page_id=83"},"modified":"2025-05-30T23:15:17","modified_gmt":"2025-05-31T02:15:17","slug":"empresas","status":"publish","type":"page","link":"https:\/\/redemulheresnano.ufn.edu.br\/?page_id=83","title":{"rendered":"Empresas\/Startup"},"content":{"rendered":"\n<p class=\"has-medium-font-size\">A <strong>Rede Nacional de Mulheres na Nanoci\u00eancia<\/strong> conta com o apoio de quatro empresas parceiras, que colaboram diretamente com as a\u00e7\u00f5es do projeto. Abaixo, est\u00e3o listadas com informa\u00e7\u00f5es pertinentes, incluindo o nome da empresa, sua \u00e1rea de atua\u00e7\u00e3o, localiza\u00e7\u00e3o e a fun\u00e7\u00e3o desempenhada no \u00e2mbito da Rede.<\/p>\n\n\n<div id=\"footable_parent_1103\"\n         class=\" footable_parent ninja_table_wrapper loading_ninja_table wp_table_data_press_parent semantic_ui \">\n                <table data-ninja_table_instance=\"ninja_table_instance_0\" data-footable_id=\"1103\" data-filter-delay=\"1000\" aria-label=\"empresas\"            id=\"footable_1103\"\n           data-unique_identifier=\"ninja_table_unique_id_1787712235_1103\"\n           class=\" foo-table ninja_footable foo_table_1103 ninja_table_unique_id_1787712235_1103 ui table  nt_type_ajax_table selectable celled striped compact vertical_centered  footable-paging-right\">\n                <colgroup>\n                            <col class=\"ninja_column_0 \">\n                            <col class=\"ninja_column_1 \">\n                            <col class=\"ninja_column_2 \">\n                            <col class=\"ninja_column_3 \">\n                    <\/colgroup>\n            <\/table>\n    \n    \n    \n<\/div>\n\n\n\n\n<p><\/p>\n","protected":false},"excerpt":{"rendered":"<p>A Rede Nacional de Mulheres na Nanoci\u00eancia conta com o apoio de quatro [&hellip;]<\/p>\n","protected":false},"author":181,"featured_media":0,"parent":0,"menu_order":0,"comment_status":"closed","ping_status":"closed","template":"","meta":{"_price":"","_stock":"","_tribe_ticket_header":"","_tribe_default_ticket_provider":"","_tribe_ticket_capacity":"0","_ticket_start_date":"","_ticket_end_date":"","_tribe_ticket_show_description":"","_tribe_ticket_show_not_going":false,"_tribe_ticket_use_global_stock":"","_tribe_ticket_global_stock_level":"","_global_stock_mode":"","_global_stock_cap":"","_tribe_rsvp_for_event":"","_tribe_ticket_going_count":"","_tribe_ticket_not_going_count":"","_tribe_tickets_list":"[]","_tribe_ticket_has_attendee_info_fields":false,"footnotes":"","_tec_slr_enabled":"","_tec_slr_layout":""},"class_list":["post-83","page","type-page","status-publish","hentry"],"ticketed":false,"_links":{"self":[{"href":"https:\/\/redemulheresnano.ufn.edu.br\/index.php?rest_route=\/wp\/v2\/pages\/83","targetHints":{"allow":["GET"]}}],"collection":[{"href":"https:\/\/redemulheresnano.ufn.edu.br\/index.php?rest_route=\/wp\/v2\/pages"}],"about":[{"href":"https:\/\/redemulheresnano.ufn.edu.br\/index.php?rest_route=\/wp\/v2\/types\/page"}],"author":[{"embeddable":true,"href":"https:\/\/redemulheresnano.ufn.edu.br\/index.php?rest_route=\/wp\/v2\/users\/181"}],"replies":[{"embeddable":true,"href":"https:\/\/redemulheresnano.ufn.edu.br\/index.php?rest_route=%2Fwp%2Fv2%2Fcomments&post=83"}],"version-history":[{"count":1,"href":"https:\/\/redemulheresnano.ufn.edu.br\/index.php?rest_route=\/wp\/v2\/pages\/83\/revisions"}],"predecessor-version":[{"id":1104,"href":"https:\/\/redemulheresnano.ufn.edu.br\/index.php?rest_route=\/wp\/v2\/pages\/83\/revisions\/1104"}],"wp:attachment":[{"href":"https:\/\/redemulheresnano.ufn.edu.br\/index.php?rest_route=%2Fwp%2Fv2%2Fmedia&parent=83"}],"curies":[{"name":"wp","href":"https:\/\/api.w.org\/{rel}","templated":true}]}}